{"id":311,"date":"2020-11-10T18:14:35","date_gmt":"2020-11-10T18:14:35","guid":{"rendered":"https:\/\/demosites.io\/nonprofit-gb\/?page_id=311"},"modified":"2026-02-25T14:08:36","modified_gmt":"2026-02-25T13:08:36","slug":"7ca6c-home","status":"publish","type":"page","link":"https:\/\/eclipse-inclusivo.ice.csic.es\/ca\/","title":{"rendered":"Home"},"content":{"rendered":"<div id=\"wp-block-themeisle-blocks-advanced-columns-2c60bc77\" class=\"wp-block-themeisle-blocks-advanced-columns alignfull has-1-columns has-desktop-equal-layout hide-in-tablet hide-in-mobile has-vertical-center ticss-c00aadba\"><div class=\"wp-block-themeisle-blocks-advanced-columns-overlay\"><\/div><div class=\"innerblocks-wrap\">\n<div id=\"wp-block-themeisle-blocks-advanced-column-75b9263d\" class=\"wp-block-themeisle-blocks-advanced-column\">\n<h1 class=\"wp-block-heading has-text-align-center margin-bottom: 0; has-neve-text-color-color has-text-color has-link-color wp-elements-2484a698d99d95ac53c3f6f8cf1f91fa\" style=\"font-size:68px\">Eclipsi Inclusiu<\/h1>\n\n\n\n<h2 class=\"wp-block-heading has-text-align-center margin-top: 0; has-neve-text-color-color has-text-color has-link-color wp-elements-cf54da65cc9e46df311abc58eaded060\" style=\"font-size:30px\">Un eclipsi, moltes maneres de viure'l<\/h2>\n<\/div>\n<\/div><\/div>\n\n\n\n<div id=\"wp-block-themeisle-blocks-advanced-columns-62e38a48\" class=\"wp-block-themeisle-blocks-advanced-columns alignfull has-1-columns has-tablet-equal-layout has-mobile-collapsedRows-layout hide-in-desktop has-reverse-columns-mobile has-vertical-center ticss-c00aadba\"><div class=\"wp-block-themeisle-blocks-advanced-columns-overlay\"><\/div><div class=\"innerblocks-wrap\">\n<div id=\"wp-block-themeisle-blocks-advanced-column-4fccf146\" class=\"wp-block-themeisle-blocks-advanced-column\">\n<h1 class=\"wp-block-heading has-text-align-center margin-bottom: 0; has-nv-text-dark-bg-color has-text-color has-link-color wp-elements-2c4592b9aad5d7d033b375176f33e4e9\" style=\"font-size:48px\">Eclipsi Inclusiu<\/h1>\n\n\n\n<h2 class=\"wp-block-heading has-text-align-center margin-top: 0; has-nv-text-dark-bg-color has-text-color has-link-color wp-elements-2403778fd90ebf72cd2373ece5b46113\" style=\"font-size:48px\">Un eclipsi, moltes maneres de viure'l<\/h2>\n\n\n\n<div class=\"wp-block-group is-vertical is-layout-flex wp-container-core-group-is-layout-d732a999 wp-block-group-is-layout-flex\" style=\"padding-top:0;padding-bottom:0\">\n<div class=\"wp-block-group\"><div class=\"wp-block-group__inner-container is-layout-constrained wp-block-group-is-layout-constrained\">\n<h2 class=\"wp-block-heading has-nv-text-dark-bg-color has-text-color has-link-color wp-elements-81fee48360cba65418607e7746d16ca9\">Eclipsi Inclusiu<\/h2>\n\n\n\n<h2 class=\"wp-block-heading has-text-align-center has-nv-text-dark-bg-color has-text-color has-link-color wp-elements-727947436e203556ca21df2b0825569b\" style=\"font-size:16px\">Un eclipsi, moltes maneres de viure'l<\/h2>\n<\/div><\/div>\n<\/div>\n<\/div>\n<\/div><\/div>\n\n\n\n<div style=\"height:100px\" aria-hidden=\"true\" class=\"wp-block-spacer\"><\/div>\n\n\n\n<p>Eclipsi inclusiu \u00e9s un projecte de cultura cient\u00edfica que aprofita la gran oportunitat que comporta l'eclipsi total de Sol que recorrer\u00e0 la pen\u00ednsula Ib\u00e8rica el 12 d'agost de 2026 per apropar la ci\u00e8ncia al p\u00fablic general durant l'any anterior a l'eclipsi d'una manera inclusiva.<\/p>\n\n\n\n<div id=\"wp-block-themeisle-blocks-advanced-columns-3c66ec00\" class=\"wp-block-themeisle-blocks-advanced-columns has-1-columns has-desktop-equal-layout has-tablet-equal-layout has-mobile-equal-layout has-vertical-unset\"><div class=\"wp-block-themeisle-blocks-advanced-columns-overlay\"><\/div><div class=\"innerblocks-wrap\">\n<div id=\"wp-block-themeisle-blocks-advanced-column-4d0b9cc6\" class=\"wp-block-themeisle-blocks-advanced-column\"><\/div>\n<\/div><\/div>\n\n\n\n<div class=\"wp-block-group\"><div class=\"wp-block-group__inner-container is-layout-flow wp-block-group-is-layout-flow\">\n<div class=\"wp-block-columns is-layout-flex wp-container-core-columns-is-layout-9d6595d7 wp-block-columns-is-layout-flex\">\n<div class=\"wp-block-column is-vertically-aligned-center is-layout-flow wp-block-column-is-layout-flow\"><div class=\"wp-block-image is-style-default\">\n<figure class=\"aligncenter size-full is-resized\"><img fetchpriority=\"high\" decoding=\"async\" width=\"1201\" height=\"1201\" src=\"https:\/\/eclipse-inclusivo.ice.csic.es\/wp-content\/uploads\/2025\/10\/ECLIPSE-COMPARTIDO.png\" alt=\"\" class=\"wp-image-1054\" style=\"width:240px;height:240px\"\/><\/figure><\/div>\n\n\n<div style=\"height:20px\" aria-hidden=\"true\" class=\"wp-block-spacer\"><\/div>\n\n\n\n<h3 class=\"wp-block-heading has-text-align-center\">ECLIPSI COMPARTIT<\/h3>\n\n\n\n<p class=\"has-text-align-left\"><em><strong>Eclipsi compartit<\/strong><\/em> motivar\u00e0 a col\u00b7lectius vulnerables com les persones amb discapacitat visual o refugiades a experimentar l'eclipsi de Sol mitjan\u00e7ant activitats inclusives i eines adaptades.<\/p>\n\n\n\n<div class=\"wp-block-buttons is-content-justification-center is-layout-flex wp-container-core-buttons-is-layout-16018d1d wp-block-buttons-is-layout-flex\">\n<div class=\"wp-block-button is-style-primary\"><a class=\"wp-block-button__link wp-element-button\" href=\"https:\/\/eclipse-inclusivo.ice.csic.es\/ca\/eclipse-compartido\/\">Llegir m\u00e9s<\/a><\/div>\n<\/div>\n\n\n\n<div style=\"height:20px\" aria-hidden=\"true\" class=\"wp-block-spacer\"><\/div>\n<\/div>\n\n\n\n<div class=\"wp-block-column is-layout-flow wp-block-column-is-layout-flow\"><div class=\"wp-block-image is-style-default\">\n<figure class=\"aligncenter size-full is-resized\"><img decoding=\"async\" width=\"1201\" height=\"1201\" src=\"https:\/\/eclipse-inclusivo.ice.csic.es\/wp-content\/uploads\/2025\/10\/ECLIPSE-PARA-TODOS.png\" alt=\"\" class=\"wp-image-1056\" style=\"width:240px;height:240px\"\/><\/figure><\/div>\n\n\n<div style=\"height:20px\" aria-hidden=\"true\" class=\"wp-block-spacer\"><\/div>\n\n\n\n<h3 class=\"wp-block-heading has-text-align-center\">ECLIPSI A L'ESCOLA<\/h3>\n\n\n\n<p><em><strong>Eclipsi a l'escola<\/strong><\/em> apropar\u00e0 l'astronomia a centres educatius de zones vulnerables de l'\u00e0rea metropolitana de Barcelona, com la preparaci\u00f3 per a l'eclipsi total de Sol.<\/p>\n\n\n\n<div class=\"wp-block-buttons is-content-justification-center is-layout-flex wp-container-core-buttons-is-layout-16018d1d wp-block-buttons-is-layout-flex\">\n<div class=\"wp-block-button is-style-primary\"><a class=\"wp-block-button__link wp-element-button\" href=\"https:\/\/eclipse-inclusivo.ice.csic.es\/ca\/eclipse-escuela\/\">Llegir m\u00e9s<\/a><\/div>\n<\/div>\n<\/div>\n<\/div>\n<\/div><\/div>\n\n\n\n<div class=\"wp-block-cover alignfull\"><img decoding=\"async\" width=\"6262\" height=\"4328\" class=\"wp-block-cover__image-background wp-image-1333 size-full\" alt=\"Secuencia eclipse solar\" src=\"https:\/\/eclipse-inclusivo.ice.csic.es\/wp-content\/uploads\/2025\/10\/eclipse-sun-and-moon-solar-eclipse-total-eclipse-73e53277dcb12429aaf564843611019a.jpg\" style=\"object-position:50% 44%\" data-object-fit=\"cover\" data-object-position=\"50% 44%\"\/><span aria-hidden=\"true\" class=\"wp-block-cover__background has-background-dim-0 has-background-dim\"><\/span><div class=\"wp-block-cover__inner-container is-layout-constrained wp-block-cover-is-layout-constrained\">\n<div class=\"wp-block-buttons is-horizontal is-content-justification-center is-layout-flex wp-container-core-buttons-is-layout-937ffba9 wp-block-buttons-is-layout-flex\">\n<div class=\"wp-block-button is-style-primary\"><a class=\"wp-block-button__link wp-element-button\" href=\"https:\/\/eclipse-inclusivo.ice.csic.es\/ca\/about\/#eclipse-sol\">Eclipsi<br>Total Sol<br>12 d'agost del 2026<\/a><\/div>\n<\/div>\n<\/div><\/div>\n\n\n\n<div style=\"height:100px\" aria-hidden=\"true\" class=\"wp-block-spacer\"><\/div>\n\n\n\n<div id=\"wp-block-themeisle-blocks-advanced-columns-002c78fd\" class=\"wp-block-themeisle-blocks-advanced-columns has-1-columns has-desktop-equal-layout has-tablet-equal-layout has-mobile-equal-layout has-vertical-unset\"><div class=\"wp-block-themeisle-blocks-advanced-columns-overlay\"><\/div><div class=\"innerblocks-wrap\">\n<div id=\"wp-block-themeisle-blocks-advanced-column-039c374e\" class=\"wp-block-themeisle-blocks-advanced-column\">\n<h2 class=\"wp-block-heading\">Not\u00edcies<\/h2>\n<\/div>\n<\/div><\/div>\n\n\n\n<div id=\"wp-block-themeisle-blocks-advanced-columns-0b554a32\" class=\"wp-block-themeisle-blocks-advanced-columns has-1-columns has-desktop-equal-layout has-tablet-equal-layout has-mobile-equal-layout has-vertical-unset\"><div class=\"wp-block-themeisle-blocks-advanced-columns-overlay\"><\/div><div class=\"innerblocks-wrap\">\n<div id=\"wp-block-themeisle-blocks-advanced-column-5eaa116c\" class=\"wp-block-themeisle-blocks-advanced-column\"><div class=\"at-block at-block-7afe6554-38c3-45f8-9980-90f67f23ddf5 at-block-post-grid atb-image-ratio-16-9 atb-image-size-medium atb-image-position-top atb-card-vertical-alignment-stretch atb-has-carousel-dots content-padding content-align-center wp-block-athemes-blocks-post-grid\"><style>.at-block-7afe6554-38c3-45f8-9980-90f67f23ddf5 .at-block-post-grid__item { border-style: none } @media (max-width: 1024px) { .at-block-7afe6554-38c3-45f8-9980-90f67f23ddf5 .at-block-post-grid__item { border-style: none  }  } @media (max-width: 767px) { .at-block-7afe6554-38c3-45f8-9980-90f67f23ddf5 .at-block-post-grid__item { border-style: none  }  } .at-block-7afe6554-38c3-45f8-9980-90f67f23ddf5 .onsale { font-size: 0.9rem;font-weight: 400;text-transform: uppercase;text-decoration: none;line-height: 1em } .at-block-7afe6554-38c3-45f8-9980-90f67f23ddf5 .onsale { border-style: none;border-top-left-radius: 4px ;border-top-right-radius: 4px ;border-bottom-right-radius: 4px ;border-bottom-left-radius: 4px  } @media (max-width: 1024px) { .at-block-7afe6554-38c3-45f8-9980-90f67f23ddf5 .onsale { border-style: none  }  } @media (max-width: 767px) { .at-block-7afe6554-38c3-45f8-9980-90f67f23ddf5 .onsale { border-style: none  }  } .at-block-7afe6554-38c3-45f8-9980-90f67f23ddf5 .at-block-post-grid__title { font-family: Plus Jakarta Sans;font-size: 1.3rem;font-weight: 200;text-decoration: none } .at-block-7afe6554-38c3-45f8-9980-90f67f23ddf5 .at-block-post-grid__meta { font-family: Plus Jakarta Sans;font-size: 16px;font-weight: 200 } .at-block-7afe6554-38c3-45f8-9980-90f67f23ddf5 .at-block-post-grid__button-button { font-family: Plus Jakarta Sans;font-weight: 200;text-decoration: none;line-height: 1em } @media (max-width: 1024px) { .at-block-7afe6554-38c3-45f8-9980-90f67f23ddf5 .at-block-post-grid__button-button { text-decoration: none ;line-height: 1em  }  } @media (max-width: 767px) { .at-block-7afe6554-38c3-45f8-9980-90f67f23ddf5 .at-block-post-grid__button-button { text-decoration: none ;line-height: 1em  }  } .at-block-7afe6554-38c3-45f8-9980-90f67f23ddf5 .at-block-post-grid__button-button { border-style: none;border-top-left-radius: 4px ;border-top-right-radius: 4px ;border-bottom-right-radius: 4px ;border-bottom-left-radius: 4px  } .at-block-7afe6554-38c3-45f8-9980-90f67f23ddf5 .at-block-post-grid__pagination-numbers .page-numbers { border-top-left-radius: 4px ;border-top-right-radius: 4px ;border-bottom-right-radius: 4px ;border-bottom-left-radius: 4px ;border-color: #212121  } .at-block-7afe6554-38c3-45f8-9980-90f67f23ddf5 .at-block-post-grid__pagination-numbers .page-numbers:hover { border-color: #757575  } .at-block-7afe6554-38c3-45f8-9980-90f67f23ddf5 .at-block-post-grid__pagination-button { border-style: none;border-top-left-radius: 4px ;border-top-right-radius: 4px ;border-bottom-right-radius: 4px ;border-bottom-left-radius: 4px  } @media (max-width: 1024px) { .at-block-7afe6554-38c3-45f8-9980-90f67f23ddf5 .at-block-post-grid__pagination-button { border-style: none  }  } @media (max-width: 767px) { .at-block-7afe6554-38c3-45f8-9980-90f67f23ddf5 .at-block-post-grid__pagination-button { border-style: none  }  } .at-block-7afe6554-38c3-45f8-9980-90f67f23ddf5 .at-block-post-grid__pagination { justify-content: center;margin-top: 30px } .at-block-7afe6554-38c3-45f8-9980-90f67f23ddf5 { --atb-post-grid-columns: 3;--atb-post-grid-columns-gap: 15px;--atb-post-grid-rows-gap: 15px;--atb-post-grid-image-width: 35%;--atb-post-grid-image-gap: 15px;--atb-image-overlay-color: #212121;--atb-image-overlay-opacity: 0.5;--atb-post-grid-sale-badge-text-color: #FFF;--atb-post-grid-sale-badge-background-color: #212121;--atb-post-grid-sale-badge-offset: 20px;--atb-post-grid-pagination-active-background-color: #212121 ;--atb-post-grid-pagination-active-text-color: #FFF ;--atb-post-grid-pagination-items-gap: 20px;z-index: 0; position: relative;  } .at-block-7afe6554-38c3-45f8-9980-90f67f23ddf5 .at-block-post-grid__item { text-align: center } .at-block-7afe6554-38c3-45f8-9980-90f67f23ddf5 .at-block-post-grid__items { align-items: stretch } .at-block-7afe6554-38c3-45f8-9980-90f67f23ddf5 .at-block-nav { --at-block-nav-arrow-size: 50px } .at-block-7afe6554-38c3-45f8-9980-90f67f23ddf5 .swiper-pagination-bullets { --at-block-dots-offset: 0px } .at-block-7afe6554-38c3-45f8-9980-90f67f23ddf5 .at-block-post-grid__image { border-top-left-radius: 4px ;border-top-right-radius: 4px ;border-bottom-right-radius: 4px ;border-bottom-left-radius: 4px ;margin-bottom: 10px } .at-block-7afe6554-38c3-45f8-9980-90f67f23ddf5 .at-block-post-grid__image img { border-top-left-radius: 4px ;border-top-right-radius: 4px ;border-bottom-right-radius: 4px ;border-bottom-left-radius: 4px  } .at-block-7afe6554-38c3-45f8-9980-90f67f23ddf5 .onsale { padding-top: 10px ;padding-right: 20px ;padding-bottom: 10px ;padding-left: 20px  } .at-block-7afe6554-38c3-45f8-9980-90f67f23ddf5 .at-block-post-grid__title a { color: #212121  } .at-block-7afe6554-38c3-45f8-9980-90f67f23ddf5 .at-block-post-grid__title a:hover { color: #757575  } .at-block-7afe6554-38c3-45f8-9980-90f67f23ddf5 .at-block-post-grid__title { margin-bottom: 10px !important;  } .at-block-7afe6554-38c3-45f8-9980-90f67f23ddf5 .at-block-post-grid__reviews-rating .atb-star-rating span:before { color: #FFA534 } .at-block-7afe6554-38c3-45f8-9980-90f67f23ddf5 .at-block-post-grid__reviews-rating .atb-star-rating::before { color: #ededed } .at-block-7afe6554-38c3-45f8-9980-90f67f23ddf5 .at-block-post-grid__reviews-rating { margin-bottom: 10px } .at-block-7afe6554-38c3-45f8-9980-90f67f23ddf5 .at-block-post-grid__meta { color: #444;margin-bottom: 10px } .at-block-7afe6554-38c3-45f8-9980-90f67f23ddf5 .at-block-post-grid__meta-icon svg { fill: #444 } .at-block-7afe6554-38c3-45f8-9980-90f67f23ddf5 .at-block-post-grid__excerpt { color: #444;margin-bottom: 25px } .at-block-7afe6554-38c3-45f8-9980-90f67f23ddf5 .at-block-post-grid__price { color: #212121;margin-bottom: 25px } .at-block-7afe6554-38c3-45f8-9980-90f67f23ddf5 .at-block-post-grid__button-button { --atb-post-grid-button-color: #212121 ;background-color: var(--nv-secondary-accent) ;padding-top: 13px ;padding-right: 25px ;padding-bottom: 13px ;padding-left: 25px  } .at-block-7afe6554-38c3-45f8-9980-90f67f23ddf5 .at-block-post-grid__button-button:hover { --atb-post-grid-button-color: #fff ;background-color: #757575  } .at-block-7afe6554-38c3-45f8-9980-90f67f23ddf5 .at-block-post-grid__pagination-numbers .page-numbers { --atb-post-grid-pagination-text-color: #212121  } .at-block-7afe6554-38c3-45f8-9980-90f67f23ddf5 .at-block-post-grid__pagination-numbers .page-numbers:hover { --atb-post-grid-pagination-text-color: #757575  } .at-block-7afe6554-38c3-45f8-9980-90f67f23ddf5 .at-block-post-grid__pagination-button { background-color: #212121 ;color: #FFF ;padding-top: 10px ;padding-right: 25px ;padding-bottom: 10px ;padding-left: 25px  } .at-block-7afe6554-38c3-45f8-9980-90f67f23ddf5 .at-block-post-grid__pagination-button:hover { background-color: #757575 ;color: #FFF  } @media (max-width: 1024px) { .at-block-7afe6554-38c3-45f8-9980-90f67f23ddf5 .at-block-post-grid__pagination { justify-content: center  } .at-block-7afe6554-38c3-45f8-9980-90f67f23ddf5 { --atb-post-grid-columns: 2 ;--atb-post-grid-columns-gap: 15px ;--atb-post-grid-rows-gap: 15px  } .at-block-7afe6554-38c3-45f8-9980-90f67f23ddf5 .at-block-post-grid__item { text-align: center  } .at-block-7afe6554-38c3-45f8-9980-90f67f23ddf5 .at-block-post-grid__image { border-top-left-radius: 4px ;border-top-right-radius: 4px ;border-bottom-right-radius: 4px ;border-bottom-left-radius: 4px ;margin-bottom: 10px  } .at-block-7afe6554-38c3-45f8-9980-90f67f23ddf5 .at-block-post-grid__image img { border-top-left-radius: 4px ;border-top-right-radius: 4px ;border-bottom-right-radius: 4px ;border-bottom-left-radius: 4px  }  } @media (max-width: 767px) { .at-block-7afe6554-38c3-45f8-9980-90f67f23ddf5 .at-block-post-grid__pagination { justify-content: center  } .at-block-7afe6554-38c3-45f8-9980-90f67f23ddf5 { --atb-post-grid-columns: 1 ;--atb-post-grid-columns-gap: 15px ;--atb-post-grid-rows-gap: 15px  } .at-block-7afe6554-38c3-45f8-9980-90f67f23ddf5 .at-block-post-grid__item { text-align: center  } .at-block-7afe6554-38c3-45f8-9980-90f67f23ddf5 .at-block-post-grid__image { border-top-left-radius: 4px ;border-top-right-radius: 4px ;border-bottom-right-radius: 4px ;border-bottom-left-radius: 4px ;margin-bottom: 10px  } .at-block-7afe6554-38c3-45f8-9980-90f67f23ddf5 .at-block-post-grid__image img { border-top-left-radius: 4px ;border-top-right-radius: 4px ;border-bottom-right-radius: 4px ;border-bottom-left-radius: 4px  }  } <\/style><div class=\"at-block-post-grid__items\">            <div class=\"at-block-post-grid__item\">\r\n                    <a href=\"https:\/\/eclipse-inclusivo.ice.csic.es\/ca\/anuncio-lightsound-eclipse\/\" class=\"at-block-post-grid__image\">\r\n                <img loading=\"lazy\" decoding=\"async\" width=\"300\" height=\"225\" src=\"https:\/\/eclipse-inclusivo.ice.csic.es\/wp-content\/uploads\/2026\/03\/SAmerica_2019_LaPortadaStadium.jpeg\" class=\"at-block-post-grid__image-image wp-post-image\" alt=\"Grupo de personas experimentando el eclipse total de Sol del 2 de julio de 2019 con dispositivos LightSound en evento en el estadio La Portada en la Serena, Chile. Cr\u00e9ditos: LightSound.\" \/>            <\/a>\r\n        \r\n        <div class=\"at-block-post-grid__content\">\r\n\r\n            <h4 class=\"at-block-post-grid__title\"><a href=\"https:\/\/eclipse-inclusivo.ice.csic.es\/ca\/anuncio-lightsound-eclipse\/\">El projecte Eclipsi Inclusiu apropa l\u2019experi\u00e8ncia de l\u2019eclipsi a les persones amb discapacitat visual<\/a><\/h4>                <div class=\"at-block-post-grid__meta\">\r\n                                            <a href=\"https:\/\/eclipse-inclusivo.ice.csic.es\/ca\/anuncio-lightsound-eclipse\/\" class=\"at-block-post-grid__date\">\r\n                            30 de mar\u00e7 de 2026                        <\/a>\r\n                                    <\/div>\r\n                        <\/div>\r\n                <\/div>\r\n                <div class=\"at-block-post-grid__item\">\r\n                    <a href=\"https:\/\/eclipse-inclusivo.ice.csic.es\/ca\/entrevista-republica-santboiana-radio-sant-boi\/\" class=\"at-block-post-grid__image\">\r\n                <img loading=\"lazy\" decoding=\"async\" width=\"296\" height=\"170\" src=\"https:\/\/eclipse-inclusivo.ice.csic.es\/wp-content\/uploads\/2026\/03\/repsantboi.jpg\" class=\"at-block-post-grid__image-image wp-post-image\" alt=\"\" \/>            <\/a>\r\n        \r\n        <div class=\"at-block-post-grid__content\">\r\n\r\n            <h4 class=\"at-block-post-grid__title\"><a href=\"https:\/\/eclipse-inclusivo.ice.csic.es\/ca\/entrevista-republica-santboiana-radio-sant-boi\/\">Premsa | Entrevista Rep\u00fablica Santboiana \u2013 R\u00e0dio Sant Boi<\/a><\/h4>                <div class=\"at-block-post-grid__meta\">\r\n                                            <a href=\"https:\/\/eclipse-inclusivo.ice.csic.es\/ca\/entrevista-republica-santboiana-radio-sant-boi\/\" class=\"at-block-post-grid__date\">\r\n                            11 de mar\u00e7 de 2026                        <\/a>\r\n                                    <\/div>\r\n                        <\/div>\r\n                <\/div>\r\n                <div class=\"at-block-post-grid__item\">\r\n                    <a href=\"https:\/\/eclipse-inclusivo.ice.csic.es\/ca\/el-ice-csic-lanza-el-concurso-escolar-rumbo-al-eclipse\/\" class=\"at-block-post-grid__image\">\r\n                <img loading=\"lazy\" decoding=\"async\" width=\"210\" height=\"300\" src=\"https:\/\/eclipse-inclusivo.ice.csic.es\/wp-content\/uploads\/2026\/02\/Poster-Cap-a-leclipsi-2.png\" class=\"at-block-post-grid__image-image wp-post-image\" alt=\"\" \/>            <\/a>\r\n        \r\n        <div class=\"at-block-post-grid__content\">\r\n\r\n            <h4 class=\"at-block-post-grid__title\"><a href=\"https:\/\/eclipse-inclusivo.ice.csic.es\/ca\/el-ice-csic-lanza-el-concurso-escolar-rumbo-al-eclipse\/\">L\u2019ICE-CSIC llan\u00e7a el concurs escolar Cap a l\u2019Eclipsi<\/a><\/h4>                <div class=\"at-block-post-grid__meta\">\r\n                                            <a href=\"https:\/\/eclipse-inclusivo.ice.csic.es\/ca\/el-ice-csic-lanza-el-concurso-escolar-rumbo-al-eclipse\/\" class=\"at-block-post-grid__date\">\r\n                            25 de febrer de 2026                        <\/a>\r\n                                    <\/div>\r\n                        <\/div>\r\n                <\/div>\r\n    <\/div><\/div><\/div>\n<\/div><\/div>\n\n\n\n<div id=\"wp-block-themeisle-blocks-advanced-columns-6ce7c42b\" class=\"wp-block-themeisle-blocks-advanced-columns has-1-columns has-desktop-equal-layout has-tablet-equal-layout has-mobile-equal-layout has-vertical-unset\"><div class=\"wp-block-themeisle-blocks-advanced-columns-overlay\"><\/div><div class=\"innerblocks-wrap\">\n<div id=\"wp-block-themeisle-blocks-advanced-column-db579bdb\" class=\"wp-block-themeisle-blocks-advanced-column\"><\/div>\n<\/div><\/div>\n\n\n\n<p><\/p>","protected":false},"excerpt":{"rendered":"<p>Eclipse Inclusivo es un proyecto de cultura cient\u00edfica que aprovecha la gran oportunidad que trae el eclipse total de Sol que recorrer\u00e1 la pen\u00ednsula ib\u00e9rica el 12 de agosto de 2026 para acercar la ciencia al p\u00fablico general durante el a\u00f1o anterior al eclipse de una manera inclusiva. ECLIPSE COMPARTIDO Eclipse compartido motivar\u00e1 a colectivos&hellip;&nbsp;<a href=\"https:\/\/eclipse-inclusivo.ice.csic.es\/ca\/\" rel=\"bookmark\"><span class=\"screen-reader-text\">Home<\/span><\/a><\/p>","protected":false},"author":1,"featured_media":0,"parent":0,"menu_order":0,"comment_status":"closed","ping_status":"closed","template":"","meta":{"_acf_changed":false,"neve_meta_sidebar":"full-width","neve_meta_container":"default","neve_meta_enable_content_width":"on","neve_meta_content_width":100,"neve_meta_title_alignment":"","neve_meta_author_avatar":"","neve_post_elements_order":"","neve_meta_disable_header":"","neve_meta_disable_footer":"","neve_meta_disable_title":"on","_themeisle_gutenberg_block_has_review":false,"footnotes":""},"class_list":["post-311","page","type-page","status-publish","hentry"],"acf":[],"jetpack_sharing_enabled":true,"_links":{"self":[{"href":"https:\/\/eclipse-inclusivo.ice.csic.es\/ca\/wp-json\/wp\/v2\/pages\/311","targetHints":{"allow":["GET"]}}],"collection":[{"href":"https:\/\/eclipse-inclusivo.ice.csic.es\/ca\/wp-json\/wp\/v2\/pages"}],"about":[{"href":"https:\/\/eclipse-inclusivo.ice.csic.es\/ca\/wp-json\/wp\/v2\/types\/page"}],"author":[{"embeddable":true,"href":"https:\/\/eclipse-inclusivo.ice.csic.es\/ca\/wp-json\/wp\/v2\/users\/1"}],"replies":[{"embeddable":true,"href":"https:\/\/eclipse-inclusivo.ice.csic.es\/ca\/wp-json\/wp\/v2\/comments?post=311"}],"version-history":[{"count":200,"href":"https:\/\/eclipse-inclusivo.ice.csic.es\/ca\/wp-json\/wp\/v2\/pages\/311\/revisions"}],"predecessor-version":[{"id":1669,"href":"https:\/\/eclipse-inclusivo.ice.csic.es\/ca\/wp-json\/wp\/v2\/pages\/311\/revisions\/1669"}],"wp:attachment":[{"href":"https:\/\/eclipse-inclusivo.ice.csic.es\/ca\/wp-json\/wp\/v2\/media?parent=311"}],"curies":[{"name":"wp","href":"https:\/\/api.w.org\/{rel}","templated":true}]}}