{"id":368,"date":"2020-11-18T11:00:16","date_gmt":"2020-11-18T11:00:16","guid":{"rendered":"https:\/\/demosites.io\/nonprofit-gb\/?page_id=368"},"modified":"2026-02-25T12:40:31","modified_gmt":"2026-02-25T11:40:31","slug":"about","status":"publish","type":"page","link":"https:\/\/eclipse-inclusivo.ice.csic.es\/ca\/about\/","title":{"rendered":"Sobre el projecte"},"content":{"rendered":"<div class=\"wp-block-cover alignfull is-light\" style=\"min-height:200px;aspect-ratio:unset;\"><img fetchpriority=\"high\" decoding=\"async\" width=\"3841\" height=\"601\" class=\"wp-block-cover__image-background wp-image-1150 size-full\" alt=\"\" src=\"https:\/\/eclipse-inclusivo.ice.csic.es\/wp-content\/uploads\/2025\/10\/SECCION-DESKTOP.png\" data-object-fit=\"cover\"\/><span aria-hidden=\"true\" class=\"wp-block-cover__background has-background-dim-0 has-background-dim\"><\/span><div class=\"wp-block-cover__inner-container is-layout-flow wp-block-cover-is-layout-flow\">\n<div class=\"wp-block-group\"><div class=\"wp-block-group__inner-container is-layout-flow wp-block-group-is-layout-flow\">\n<h1 class=\"wp-block-heading alignwide has-text-align-left has-neve-text-color-color has-text-color\">Sobre el projecte<\/h1>\n<\/div><\/div>\n<\/div><\/div>\n\n\n\n<div style=\"height:100px\" aria-hidden=\"true\" class=\"wp-block-spacer\"><\/div>\n\n\n\n<h1 class=\"wp-block-heading\">Sobre el projecte<\/h1>\n\n\n\n<h2 class=\"wp-block-heading has-text-align-left has-neve-text-color-color has-text-color has-link-color wp-elements-62d5ea709d0afc0e79ff92c1cf80cbba\" id=\"eclipse-inclusivo\">Eclipsi Inclusiu<\/h2>\n\n\n\n<p class=\"has-text-align-left has-neve-text-color-color has-text-color\"><strong><em><mark style=\"background-color:rgba(0, 0, 0, 0)\" class=\"has-inline-color has-neve-link-color-color\">Eclipsi Inclusiu<\/mark>: <\/em>Un eclipsi, moltes maneres de viure'l<\/strong> \u00e9s un projecte de cultura cient\u00edfica liderat per l'Institut de Ci\u00e8ncies de l'Espai del Consell Superior d'Investigacions Cient\u00edfiques (ICE-CSIC) que aprofita la gran oportunitat que comporta <a href=\"#eclipse-sol\" data-type=\"internal\" data-id=\"#eclipse-sol\">l'eclipsi total de Sol que recorrer\u00e0 la pen\u00ednsula Ib\u00e8rica el 12 d'agost del 2026<\/a> per apropar la ci\u00e8ncia al p\u00fablic general i escolar durant l'any anterior a l'eclipsi d'una manera inclusiva. El projecte compta amb el finan\u00e7ament de la Fundaci\u00f3 Espanyola per a la Ci\u00e8ncia i Tecnologia (FECYT).<\/p>\n\n\n\n<div class=\"wp-block-media-text is-stacked-on-mobile\"><figure class=\"wp-block-media-text__media\"><img decoding=\"async\" width=\"1920\" height=\"1080\" src=\"https:\/\/eclipse-inclusivo.ice.csic.es\/wp-content\/uploads\/2025\/10\/Ciegos-escuchan-el-eclipse-1.jpg\" alt=\"Personas con discapacidad visual escuchan el eclipse.\" class=\"wp-image-1568 size-full\"\/><\/figure><div class=\"wp-block-media-text__content\">\n<p><em><strong><mark style=\"background-color:rgba(0, 0, 0, 0)\" class=\"has-inline-color has-neve-link-color-color\">Eclipsi Inclusiu<\/mark><\/strong><\/em> proporcionar\u00e0 eines, desenvolupar\u00e0 formacions i organitzar\u00e0 esdeveniments amb motiu de l'eclipsi de Sol que serviran a aquests col\u00b7lectius per millorar la seva comprensi\u00f3 sobre temes cient\u00edfics. Tamb\u00e9 afavorir\u00e0 el proc\u00e9s de generaci\u00f3 de coneixement i promour\u00e0 un sentiment de pertinen\u00e7a. Per tant, pot encoratjar a persones de col\u00b7lectius vulnerables a conrear els seus interessos en camps STEM (ci\u00e8ncia, tecnologia, enginyeria i matem\u00e0tiques).<\/p>\n<\/div><\/div>\n\n\n\n<p class=\"has-text-align-left has-neve-text-color-color has-text-color\"><strong>En el per\u00edode octubre 2025 \u2013 setembre 2026, realitzarem les seg\u00fcents accions:<\/strong><\/p>\n\n\n\n<div class=\"wp-block-media-text has-media-on-the-right is-stacked-on-mobile\"><div class=\"wp-block-media-text__content\">\n<p><em><strong>Eclipsi compartit<mark style=\"background-color:rgba(0, 0, 0, 0)\" class=\"has-inline-color has-nv-dark-bg-color\"> <\/mark><\/strong><\/em> motivar\u00e0 a col\u00b7lectius vulnerables com les persones amb discapacitat visual o refugiades a experimentar l'eclipsi de Sol mitjan\u00e7ant activitats inclusives i eines adaptades. A m\u00e9s, construirem dispositius que transformen la llum en so i els distribuirem al voltant del pa\u00eds perqu\u00e8 persones amb discapacitat visual puguin experimentar l'eclipsi total de Sol. Finalment, organitzarem un esdeveniment inclusiu d'observaci\u00f3 d'eclipsi a Catalunya.<\/p>\n<\/div><figure class=\"wp-block-media-text__media\"><img decoding=\"async\" width=\"572\" height=\"321\" src=\"https:\/\/eclipse-inclusivo.ice.csic.es\/wp-content\/uploads\/2025\/10\/inclusion.jpg\" alt=\"Actividades t\u00e1ctiles para personas con discapacidad visual. Cr\u00e9ditos: IAU.\" class=\"wp-image-1566 size-full\"\/><\/figure><\/div>\n\n\n\n<div class=\"wp-block-media-text is-stacked-on-mobile\"><figure class=\"wp-block-media-text__media\"><img loading=\"lazy\" decoding=\"async\" width=\"1464\" height=\"1000\" src=\"https:\/\/eclipse-inclusivo.ice.csic.es\/wp-content\/uploads\/2025\/10\/ICE-gabrielCastella-3-scaled-e1761208983908-1464x1000-1.jpg\" alt=\"Actividades del ICE-CSIC dentro del programa Magnet. Cr\u00e9ditos: Fundaci\u00f3n Bofill.\" class=\"wp-image-1362 size-full\"\/><\/figure><div class=\"wp-block-media-text__content\">\n<p><em><strong>Eclipsi a l'escola<\/strong><\/em> acostar\u00e0 l'astronomia a centres educatius de zones vulnerables de l'\u00e0rea metropolitana de Barcelona, com a preparaci\u00f3 per a l'eclipsi total de Sol. S'oferir\u00e0 un curs de formaci\u00f3 sobre el Sol i els eclipsis dirigit a professorat de Prim\u00e0ria i Secund\u00e0ria. El curs proporcionar\u00e0 coneixements cient\u00edfics i eines pedag\u00f2giques per treballar aquests temes a l'aula de manera participativa i inclusiva. El professorat que participa en les formacions tindr\u00e0 acc\u00e9s al pr\u00e9stec d'un telescopi solar per portar-ho al seu centre educatiu. Finalment, s'organitzar\u00e0 un concurs de reptes cient\u00edfics sobre el Sol i els eclipsis, promovent la creativitat i l'aprenentatge col\u00b7laboratiu entre el professorat i l'alumnat.<\/p>\n<\/div><\/div>\n\n\n\n<div style=\"height:80px\" aria-hidden=\"true\" class=\"wp-block-spacer\"><\/div>\n\n\n\n<div class=\"wp-block-cover alignfull\" style=\"min-height:600px;aspect-ratio:unset;\"><span aria-hidden=\"true\" class=\"wp-block-cover__background has-neve-link-hover-color-background-color has-background-dim-100 has-background-dim\"><\/span><div class=\"wp-block-cover__inner-container is-layout-flow wp-block-cover-is-layout-flow\">\n<div style=\"height:100px\" aria-hidden=\"true\" class=\"wp-block-spacer\"><\/div>\n\n\n\n<h2 class=\"wp-block-heading has-text-align-left has-neve-text-color-color has-text-color has-link-color wp-elements-e7f5edc98f42de2b1f1baa3a55a16c3d\" id=\"motivacion\">MOTIVACI\u00d3<\/h2>\n\n\n\n<p class=\"has-neve-text-color-color has-text-color has-link-color wp-elements-bbf6b782377e0a86d5892b6538a72b5d\">Els eclipsis totals de Sol s\u00f3n un esdeveniment astron\u00f2mic sense igual, sent una experi\u00e8ncia inoblidable i profundament commovedora.<\/p>\n\n\n\n<p class=\"has-neve-text-color-color has-text-color has-link-color wp-elements-18cb04d9aab8057d1c4f63dc688027d4\">Des de temps ancestrals, moltes cultures arreu del m\u00f3n han vist els eclipsis amb misteri i fascinaci\u00f3, manifestant-se el seu impacte social en la seva influ\u00e8ncia en l'art i la literatura. Durant el segle XX, aquesta apreciaci\u00f3 va cr\u00e9ixer exponencialment convertint els eclipsis de Sol en esdeveniments massius de divulgaci\u00f3 cient\u00edfica; p. ex. en l'\u00faltima d\u00e8cada als EUA (2017, 2024) o a l'Argentina i Xile (2019). S'estima que 215 milions d'estatunidencs (un 64% de la seva poblaci\u00f3) van ser testimonis de l'eclipsi de 2017, sent determinant la preparaci\u00f3 coordinada de centenars d'esdeveniments previs sobre l'eclipsi i la distribuci\u00f3 d'ulleres d'eclipsi per assegurar una observaci\u00f3 segura del fenomen.<\/p>\n\n\n<div class=\"wp-block-image\">\n<figure class=\"aligncenter size-full\"><img loading=\"lazy\" decoding=\"async\" width=\"1024\" height=\"576\" src=\"https:\/\/eclipse-inclusivo.ice.csic.es\/wp-content\/uploads\/2025\/10\/solar-eclipse-crowds.jpg\" alt=\"Multitud observa eclipse de sol en Estados Unidos de Am\u00e9rica.\" class=\"wp-image-1363\"\/><figcaption class=\"wp-element-caption\">Multitud observa eclipse de Sol als Estats Units d'Am\u00e8rica.<\/figcaption><\/figure><\/div>\n\n\n<p class=\"has-neve-text-color-color has-text-color has-link-color wp-elements-dedbd415d448b0cfc0f80beaa87a9ec6\">Des d'Espanya existeix una oportunitat \u00fanica durant la segona meitat de la d\u00e8cada per assistir a esdeveniments astron\u00f2mics excepcionals com s\u00f3n els tres eclipsis de Sol consecutius el 12 d'agost de 2026, el 2 d'agost de 2027 i el 26 de gener de 2028. L'eclipsi total del 12 d'agost de 2026 \u00e9s d'especial rellev\u00e0ncia, ja que, en creuar la pen\u00ednsula Ib\u00e8rica, s'estima que la seva franja de totalitat permetr\u00e0 que milions de persones observin l'eclipsi.&nbsp;<\/p>\n\n\n\n<p class=\"has-neve-text-color-color has-text-color has-link-color wp-elements-9837fa0170ffa2d42bbd702e474022de\">\u00c9s important no deixar a ning\u00fa enrere i plantejar d'una manera inclusiva qualsevol projecte que fomenti l'observaci\u00f3 d'un eclipsi. A causa de la naturalesa visual de l'astronomia, un col\u00b7lectiu\u00a0que \u00e9s normalment excl\u00f2s d'aquesta mena d'esdeveniments s\u00f3n les persones amb ceguesa i discapacitat visual. Les activitats a l'Argentina i Xile durant l'eclipsi de 2019 van ser pioneres incloent a aquestes comunitats gr\u00e0cies al projecte LightSound desenvolupat per la Universitat d'Harvard, que va distribuir els dispositius LightSound per a experimentar l'eclipsi a trav\u00e9s del so. Molts participants amb discapacitat visual van informar d'una connexi\u00f3 profunda amb l'eclipsi mostrant com el so tamb\u00e9 pot evocar una sensaci\u00f3 de sorpresa comparable a experi\u00e8ncies visuals. Aquestes accions promouen un sentiment de pertinen\u00e7a i poden animar a persones amb discapacitat a interessar-se en camps STEM.<\/p>\n<\/div><\/div>\n\n\n\n<div style=\"height:100px\" aria-hidden=\"true\" class=\"wp-block-spacer\"><\/div>\n\n\n\n<h2 class=\"wp-block-heading has-text-align-left has-neve-text-color-color has-text-color\" id=\"eclipse-sol\">Eclipsi Total de Sol - 12 d'agost de 2026<\/h2>\n\n\n\n<p class=\"has-text-align-left has-neve-text-color-color has-text-color\">Durant el capvespre del dimecres 12 d'agost de 2026 tindr\u00e0 lloc un eclipsi total de Sol la franja de totalitat del qual travessar\u00e0 Espanya d'Oest a Est i passar\u00e0 per nombroses capitals de prov\u00edncia des de la Corunya fins a Palma. Espanya est\u00e0 situada al final de la franja de totalitat, per la qual cosa aquesta succeir\u00e0 quan el Sol s'estigui ponent molt prop de l'horitz\u00f3. Aix\u00f2 obligar\u00e0 a observar l'eclipsi des d'un lloc amb bona visibilitat cap a l'Oest.<\/p>\n\n\n\n<figure class=\"wp-block-image size-full\"><img loading=\"lazy\" decoding=\"async\" width=\"1000\" height=\"727\" src=\"https:\/\/eclipse-inclusivo.ice.csic.es\/wp-content\/uploads\/2025\/10\/eclipse26_1000.png\" alt=\"Franja de totalidad del eclipse de sol del 12 de agosto de 2026.\" class=\"wp-image-1371\"\/><figcaption class=\"wp-element-caption\">Franja de totalitat de l'eclipsi de Sol del 12 d'agost de 2026.<\/figcaption><\/figure>\n\n\n\n<h3 class=\"wp-block-heading has-text-align-left has-neve-text-color-color has-text-color\">L'eclipsi a Catalunya<\/h3>\n\n\n\n<div class=\"wp-block-media-text is-stacked-on-mobile\"><figure class=\"wp-block-media-text__media\"><img loading=\"lazy\" decoding=\"async\" width=\"993\" height=\"636\" src=\"https:\/\/eclipse-inclusivo.ice.csic.es\/wp-content\/uploads\/2025\/10\/Eclipse-cataluna.png\" alt=\"Mapa de la franja de eclipse total sobre Catalu\u00f1a.\" class=\"wp-image-1366 size-full\"\/><\/figure><div class=\"wp-block-media-text__content\">\n<p>La franja de totalitat travessar\u00e0 el sud de Catalunya, incloent-hi la prov\u00edncia de Tarragona i parcialment les prov\u00edncies de Barcelona i Lleida.&nbsp;<\/p>\n\n\n\n<p>L'eclipsi ocorrer\u00e0 al vespre, entre les 19.30 i les 21.00, depenent de la ubicaci\u00f3. La fase de totalitat tindr\u00e0 una durada m\u00e0xima d'1 minut i mig en algunes zones de les comarques del sud de Tarragona. En el moment de la totalitat de l'eclipsi, el Sol es trobar\u00e0 a una altura de menys de 5 graus el que pot condicionar la visibilitat en funci\u00f3 de l'orografia de la zona.<\/p>\n\n\n\n<p>En la resta de la comunitat l'eclipsi s'observar\u00e0 de manera parcial, amb el Sol menys cobert per la Lluna a mesura que ens desplacem cap al nord.<\/p>\n<\/div><\/div>\n\n\n\n<h3 class=\"wp-block-heading has-text-align-left has-neve-text-color-color has-text-color\" id=\"seguridad-eclipse\">Seguretat durant l'eclipsi<\/h3>\n\n\n\n<ul class=\"wp-block-list\">\n<li>Mai observar el Sol directament, a simple vista o amb ulleres de sol. Durant un eclipsi parcial, el Sol mai est\u00e0 totalment cobert per la Lluna i, per tant, mirar-lo sense una protecci\u00f3 segura i adequada pot danyar els ulls.<\/li>\n\n\n\n<li>Mai observar el Sol amb aparells (c\u00e0meres, v\u00eddeos) o instruments (telescopis, prism\u00e0tics) que no estiguin preparats per a aix\u00f2 i no disposin dels filtres solars corresponents.&nbsp;<\/li>\n\n\n\n<li>Mai usar filtres \u201ccasolans\u201d, incloent-hi pel\u00b7l\u00edcules vetllades, radiografies, ulleres de sol, CD, cristalls fumats, ulleres de soldador, filtres de baixa qualitat.<\/li>\n<\/ul>\n\n\n\n<p>Per observar un eclipsi de Sol de forma segura es pot utilitzar:<\/p>\n\n\n\n<div class=\"wp-block-columns is-layout-flex wp-container-core-columns-is-layout-9d6595d7 wp-block-columns-is-layout-flex\">\n<div class=\"wp-block-column is-layout-flow wp-block-column-is-layout-flow\"><div class=\"wp-block-image\">\n<figure class=\"aligncenter size-full\"><img loading=\"lazy\" decoding=\"async\" width=\"794\" height=\"435\" src=\"https:\/\/eclipse-inclusivo.ice.csic.es\/wp-content\/uploads\/2025\/10\/eclipse-glasses.png\" alt=\"Ni\u00f1os observando eclipse solar en India durante actividad por el centenerio de la Uni\u00f3n Astronomica Internacional. Cr\u00e9ditos: IAU100.\" class=\"wp-image-1368\"\/><figcaption class=\"wp-element-caption\">Nens observant eclipsi solar a l'\u00cdndia durant activitat pel centenari de la Uni\u00f3 Astron\u00f2mica Internacional. Cr\u00e8dits: IAU100.<\/figcaption><\/figure><\/div><\/div>\n\n\n\n<div class=\"wp-block-column is-layout-flow wp-block-column-is-layout-flow\"><div class=\"wp-block-image\">\n<figure class=\"aligncenter size-full is-resized\"><img loading=\"lazy\" decoding=\"async\" width=\"2000\" height=\"1500\" src=\"https:\/\/eclipse-inclusivo.ice.csic.es\/wp-content\/uploads\/2025\/10\/solar-projection.jpg\" alt=\"Proyecci\u00f3n solar.\" class=\"wp-image-1370\" style=\"aspect-ratio:1.4037489305436728;width:420px;height:auto\"\/><figcaption class=\"wp-element-caption\">Projecci\u00f3 solar.<\/figcaption><\/figure><\/div><\/div>\n<\/div>\n\n\n\n<div class=\"wp-block-columns is-layout-flex wp-container-core-columns-is-layout-9d6595d7 wp-block-columns-is-layout-flex\">\n<div class=\"wp-block-column is-layout-flow wp-block-column-is-layout-flow\">\n<p class=\"has-text-align-center\"><strong>Ulleres d'eclipsi<\/strong> <strong>solar<\/strong><\/p>\n\n\n\n<p>Cal assegurar-se que les ulleres d'eclipsi solar tinguin la certificaci\u00f3 de norma ISO 12312-2:2015 garantint una observaci\u00f3 directa del Sol amb total garantia de seguretat. Les ulleres d'eclipsi han d'usar-se durant tota la fase d'eclipsi parcial, nom\u00e9s es poden retirar durant la fase d'eclipsi total i s'han de tornar a col\u00b7locar quan comenci una altra vegada la fase d'eclipsi parcial. Sempre s'ha d'inspeccionar les ulleres d'eclipsis abans d'usar-ho; si est\u00e0 trencat, ratllat o danyat d'alguna altra manera, s'ha de rebutjar. \u00c9s important supervisar sempre als nens i nenes que utilitzen ulleres d'eclipsi.<\/p>\n<\/div>\n\n\n\n<div class=\"wp-block-column is-layout-flow wp-block-column-is-layout-flow\">\n<p class=\"has-text-align-center\"><strong>Projecci\u00f3 de Sol<\/strong><\/p>\n\n\n\n<p>La manera m\u00e9s segura \u00e9s observar la projecci\u00f3 del Sol. Es pot construir un projector estenopeic, que t\u00e9 una petita obertura (per exemple, un forat perforat amb una agulla en una targeta de fitxer) i projecta una imatge del Sol sobre una superf\u00edcie pr\u00f2xima. Amb el Sol a l'esquena, es pot veure amb seguretat la imatge projectada.<\/p>\n<\/div>\n<\/div>\n\n\n\n<p><strong>Altres consideracions<\/strong><\/p>\n\n\n\n<p>\u00c9s important considerar que, en observar l'eclipsi, probablement passem molt temps al Sol; per tant, \u00e9s important portar una gorra, protegir la pell amb crema solar i mantenir-se hidratat bevent aigua.<\/p>\n\n\n\n<p><\/p>","protected":false},"excerpt":{"rendered":"<p>Acerca de Eclipse Inclusivo Eclipse Inclusivo: Un eclipse, muchas formas de vivirlo es un proyecto de cultura cient\u00edfica liderado por el Instituto de Ciencias del Espacio del Consejo Superior de Investigaciones Cient\u00edficas (ICE-CSIC) que aprovecha la gran oportunidad que trae el eclipse total de Sol que recorrer\u00e1 la pen\u00ednsula ib\u00e9rica el 12 de agosto de&hellip;&nbsp;<a href=\"https:\/\/eclipse-inclusivo.ice.csic.es\/ca\/about\/\" rel=\"bookmark\"><span class=\"screen-reader-text\">Sobre el projecte<\/span><\/a><\/p>","protected":false},"author":1,"featured_media":0,"parent":0,"menu_order":0,"comment_status":"closed","ping_status":"closed","template":"","meta":{"_acf_changed":false,"neve_meta_sidebar":"full-width","neve_meta_container":"","neve_meta_enable_content_width":"on","neve_meta_content_width":100,"neve_meta_title_alignment":"","neve_meta_author_avatar":"","neve_post_elements_order":"","neve_meta_disable_header":"","neve_meta_disable_footer":"","neve_meta_disable_title":"on","_themeisle_gutenberg_block_has_review":false,"footnotes":""},"class_list":["post-368","page","type-page","status-publish","hentry"],"acf":[],"jetpack_sharing_enabled":true,"_links":{"self":[{"href":"https:\/\/eclipse-inclusivo.ice.csic.es\/ca\/wp-json\/wp\/v2\/pages\/368","targetHints":{"allow":["GET"]}}],"collection":[{"href":"https:\/\/eclipse-inclusivo.ice.csic.es\/ca\/wp-json\/wp\/v2\/pages"}],"about":[{"href":"https:\/\/eclipse-inclusivo.ice.csic.es\/ca\/wp-json\/wp\/v2\/types\/page"}],"author":[{"embeddable":true,"href":"https:\/\/eclipse-inclusivo.ice.csic.es\/ca\/wp-json\/wp\/v2\/users\/1"}],"replies":[{"embeddable":true,"href":"https:\/\/eclipse-inclusivo.ice.csic.es\/ca\/wp-json\/wp\/v2\/comments?post=368"}],"version-history":[{"count":58,"href":"https:\/\/eclipse-inclusivo.ice.csic.es\/ca\/wp-json\/wp\/v2\/pages\/368\/revisions"}],"predecessor-version":[{"id":1643,"href":"https:\/\/eclipse-inclusivo.ice.csic.es\/ca\/wp-json\/wp\/v2\/pages\/368\/revisions\/1643"}],"wp:attachment":[{"href":"https:\/\/eclipse-inclusivo.ice.csic.es\/ca\/wp-json\/wp\/v2\/media?parent=368"}],"curies":[{"name":"wp","href":"https:\/\/api.w.org\/{rel}","templated":true}]}}