{"id":370,"date":"2020-11-18T12:07:09","date_gmt":"2020-11-18T12:07:09","guid":{"rendered":"https:\/\/demosites.io\/nonprofit-gb\/?page_id=370"},"modified":"2026-02-25T15:29:48","modified_gmt":"2026-02-25T14:29:48","slug":"eclipse-escuela","status":"publish","type":"page","link":"https:\/\/eclipse-inclusivo.ice.csic.es\/ca\/eclipse-escuela\/","title":{"rendered":"Eclipsi a l'Escola"},"content":{"rendered":"<div class=\"wp-block-cover alignfull is-light\" style=\"min-height:200px;aspect-ratio:unset;\"><img fetchpriority=\"high\" decoding=\"async\" width=\"3841\" height=\"601\" class=\"wp-block-cover__image-background wp-image-1150 size-full\" alt=\"\" src=\"https:\/\/eclipse-inclusivo.ice.csic.es\/wp-content\/uploads\/2025\/10\/SECCION-DESKTOP.png\" data-object-fit=\"cover\"\/><span aria-hidden=\"true\" class=\"wp-block-cover__background has-background-dim-0 has-background-dim\"><\/span><div class=\"wp-block-cover__inner-container is-layout-flow wp-block-cover-is-layout-flow\">\n<div class=\"wp-block-group\"><div class=\"wp-block-group__inner-container is-layout-flow wp-block-group-is-layout-flow\">\n<h1 class=\"wp-block-heading has-text-align-left has-neve-text-color-color has-text-color\">Eclipsi a l'Escola<\/h1>\n<\/div><\/div>\n<\/div><\/div>\n\n\n\n<div style=\"height:71px\" aria-hidden=\"true\" class=\"wp-block-spacer\"><\/div>\n\n\n\n<h1 class=\"wp-block-heading\">Eclipsi a l'Escola<\/h1>\n\n\n\n<div id=\"wp-block-themeisle-blocks-advanced-columns-3b91579a\" class=\"wp-block-themeisle-blocks-advanced-columns has-2-columns has-desktop-equal-layout has-tablet-equal-layout has-mobile-collapsedRows-layout has-vertical-unset\"><div class=\"wp-block-themeisle-blocks-advanced-columns-overlay\"><\/div><div class=\"innerblocks-wrap\">\n<div id=\"wp-block-themeisle-blocks-advanced-column-2c6ef627\" class=\"wp-block-themeisle-blocks-advanced-column\">\n<p><em><strong><mark style=\"background-color:rgba(0, 0, 0, 0)\" class=\"has-inline-color has-neve-link-color-color\">Eclipsi Inclusiu<\/mark><\/strong><\/em> apropar\u00e0 l'astronomia a centres educatius de zones vulnerables de l'\u00e0rea metropolitana de Barcelona, com a preparaci\u00f3 per a l'eclipsi total de Sol del 12 d'agost de 2026.<\/p>\n\n\n\n<p><em><strong><mark style=\"background-color:rgba(0, 0, 0, 0)\" class=\"has-inline-color has-neve-link-color-color\">Eclipsi Inclusiu<\/mark><\/strong><\/em> oferir\u00e0 un curs de formaci\u00f3 sobre el Sol i els eclipsis dirigit a professorat de Prim\u00e0ria i Secund\u00e0ria. El curs proporcionar\u00e0 coneixements cient\u00edfics i eines pedag\u00f2giques per treballar aquests temes a l'aula de manera participativa i inclusiva. El professorat que participa en les formacions tindr\u00e0 acc\u00e9s al pr\u00e9stec d'un telescopi solar per portar-ho al seu centre educatiu.<\/p>\n<\/div>\n\n\n\n<div id=\"wp-block-themeisle-blocks-advanced-column-03c46972\" class=\"wp-block-themeisle-blocks-advanced-column\">\n<figure class=\"wp-block-image size-full\"><img decoding=\"async\" width=\"1280\" height=\"872\" src=\"https:\/\/eclipse-inclusivo.ice.csic.es\/wp-content\/uploads\/2025\/10\/SunEarthMoon-Colombia-2017ee.jpg\" alt=\"Actividades en escuela del proyecto UNAWE en Colombia. Cr\u00e9ditos: UNAWE.\" class=\"wp-image-1360\"\/><figcaption class=\"wp-element-caption\">Activitats a escola del projecte UNAWE a Col\u00f2mbia. Cr\u00e8dits: UNAWE.<\/figcaption><\/figure>\n<\/div>\n<\/div><\/div>\n\n\n\n<div style=\"height:61px\" aria-hidden=\"true\" class=\"wp-block-spacer\"><\/div>\n\n\n\n<h3 class=\"wp-block-heading\"><strong>Cursos de formaci\u00f3 al professorat<\/strong><\/h3>\n\n\n\n<div id=\"wp-block-themeisle-blocks-advanced-columns-43201662\" class=\"wp-block-themeisle-blocks-advanced-columns has-2-columns has-desktop-equal-layout has-tablet-equal-layout has-mobile-collapsedRows-layout has-vertical-unset\"><div class=\"wp-block-themeisle-blocks-advanced-columns-overlay\"><\/div><div class=\"innerblocks-wrap\">\n<div id=\"wp-block-themeisle-blocks-advanced-column-a4c03e5d\" class=\"wp-block-themeisle-blocks-advanced-column\">\n<p><em><strong><mark style=\"background-color:rgba(0, 0, 0, 0)\" class=\"has-inline-color has-neve-link-color-color\">Eclipsi Inclusiu<\/mark><\/strong><\/em> oferir\u00e0 un curs de formaci\u00f3 sobre el Sol i els eclipsis dirigit a professorat d'Educaci\u00f3 Prim\u00e0ria i Secund\u00e0ria. El curs proporcionar\u00e0 coneixements cient\u00edfics i eines pedag\u00f2giques per treballar aquests temes a l'aula de manera participativa i inclusiva. El professorat que participa en les formacions tindr\u00e0 acc\u00e9s al pr\u00e9stec d'un telescopi solar per a portar-lo al seu centre educatiu.<\/p>\n\n\n\n<p>El curs es realitza en col\u00b7laboraci\u00f3 amb el Centre de Recursos Pedag\u00f2gics Espec\u00edfics de Suport a la Innovaci\u00f3 i la Recerca Educativa (CESIRE) del Departament d'Educaci\u00f3 de la Generalitat de Catalunya.<\/p>\n<\/div>\n\n\n\n<div id=\"wp-block-themeisle-blocks-advanced-column-18123dac\" class=\"wp-block-themeisle-blocks-advanced-column\">\n<figure class=\"wp-block-image size-full\"><img decoding=\"async\" width=\"1080\" height=\"810\" src=\"https:\/\/eclipse-inclusivo.ice.csic.es\/wp-content\/uploads\/2025\/10\/ESA_GTTP2025_Jorge_01.jpg\" alt=\"Formaci\u00f3n de profesores ESA Cesar sobre Sol y eclipses 2025. Cr\u00e9ditos: Nuclio.\" class=\"wp-image-1359\"\/><figcaption class=\"wp-element-caption\">Formaci\u00f3 de professors ESA Cessar sobre Sol i eclipsis 2025. Cr\u00e8dits: Nucli.<\/figcaption><\/figure>\n<\/div>\n<\/div><\/div>\n\n\n\n<p>El programa consisteix en dos tallers de formaci\u00f3 de 10 hores cadascun, organitzats en tres sessions complement\u00e0ries:<\/p>\n\n\n\n<ul class=\"wp-block-list\">\n<li><strong>Primera sessi\u00f3 - ICE-CSIC: <\/strong>dedicada als aspectes te\u00f2rics sobre el Sol i els eclipsis, aix\u00ed com l'aprenentatge de l'\u00fas del kit solar.<\/li>\n\n\n\n<li><strong>Segona sessi\u00f3 - CESIRE:<\/strong> centrada en el disseny d'experi\u00e8ncies d'aprenentatge per aplicar els continguts a l'aula amb el kit solar.<\/li>\n\n\n\n<li><strong>Tercera sessi\u00f3 - En l\u00ednia:<\/strong> seguiment i acompanyament de les activitats fetes pel professorat.<\/li>\n<\/ul>\n\n\n\n<div style=\"height:40px\" aria-hidden=\"true\" class=\"wp-block-spacer\"><\/div>\n\n\n\n<div class=\"wp-block-cover alignfull\" style=\"min-height:600px;aspect-ratio:unset;\"><span aria-hidden=\"true\" class=\"wp-block-cover__background has-neve-link-hover-color-background-color has-background-dim-100 has-background-dim\"><\/span><div class=\"wp-block-cover__inner-container is-layout-flow wp-block-cover-is-layout-flow\">\n<div class=\"wp-block-group\"><div class=\"wp-block-group__inner-container is-layout-flow wp-block-group-is-layout-flow\">\n<div class=\"wp-block-columns is-layout-flex wp-container-core-columns-is-layout-9d6595d7 wp-block-columns-is-layout-flex\">\n<div class=\"wp-block-column is-layout-flow wp-block-column-is-layout-flow\">\n<div style=\"height:39px\" aria-hidden=\"true\" class=\"wp-block-spacer\"><\/div>\n\n\n\n<h3 class=\"wp-block-heading has-text-color\" style=\"color:#000000\"><strong>Pr\u00e9stec del kit d'observaci\u00f3 solar<\/strong><\/h3>\n\n\n\n<p class=\"has-text-color\" style=\"color:#000000\">El kit d'observaci\u00f3 solar est\u00e0 compost per:<\/p>\n\n\n\n<div class=\"wp-block-media-text has-media-on-the-right is-stacked-on-mobile\" style=\"grid-template-columns:auto 22%\"><div class=\"wp-block-media-text__content\">\n<ul class=\"wp-block-list has-neve-text-color-color has-text-color has-link-color wp-elements-583b5bfbce1a9af0e510fc249b02ebfc\">\n<li>Un telescopi solar, amb muntura, tr\u00edpode, oculars i malet\u00ed de transport. El telescopi compta amb filtre solar incorporat, garantint una observaci\u00f3 completament segura.<\/li>\n<\/ul>\n\n\n\n<ul class=\"wp-block-list has-neve-text-color-color has-text-color has-link-color wp-elements-68eae11345025408ff882c949ea2c8e3\">\n<li>Ulleres d'eclipsi solar per a observaci\u00f3 segura del Sol.<\/li>\n<\/ul>\n<\/div><figure class=\"wp-block-media-text__media\"><img loading=\"lazy\" decoding=\"async\" width=\"914\" height=\"681\" src=\"https:\/\/eclipse-inclusivo.ice.csic.es\/wp-content\/uploads\/2025\/10\/Diseno-sin-titulo-4-1.png\" alt=\"\" class=\"wp-image-793 size-full\"\/><\/figure><\/div>\n\n\n\n<p class=\"has-neve-text-color-color has-text-color has-link-color wp-elements-4bd3df98a8d38bd4473bc319893bbbfd\">Per poder sol\u00b7licitar el kit d'observaci\u00f3 solar en pr\u00e9stec, \u00e9s necessari haver completat el curs Eclipsi Inclusiu. Una vegada realitzada la formaci\u00f3, el professorat podr\u00e0 reservar un dels dos kits solars disponibles en el servei de pr\u00e9stecs del CESIRE a Barcelona.<\/p>\n\n\n\n<p class=\"has-neve-text-color-color has-text-color has-link-color wp-elements-4ee1fd759de4eccd890ab56c8ee20e05\">Durant la setmana de pr\u00e9stec, el professorat podr\u00e0 mostrar el Sol a tot l'alumnat del centre de manera segura, registrar observacions i treballar els continguts del curs a l'aula. El telescopi compta amb filtre solar incorporat, garantint una observaci\u00f3 completament segura.<\/p>\n<\/div>\n<\/div>\n<\/div><\/div>\n<\/div><\/div>\n\n\n\n<div style=\"height:80px\" aria-hidden=\"true\" class=\"wp-block-spacer\"><\/div>\n\n\n\n<div id=\"wp-block-themeisle-blocks-advanced-columns-c23dd368\" class=\"wp-block-themeisle-blocks-advanced-columns has-1-columns has-desktop-equal-layout has-tablet-equal-layout has-mobile-equal-layout has-vertical-unset\"><div class=\"wp-block-themeisle-blocks-advanced-columns-overlay\"><\/div><div class=\"innerblocks-wrap\">\n<div id=\"wp-block-themeisle-blocks-advanced-column-dd5adc50\" class=\"wp-block-themeisle-blocks-advanced-column\">\n<h3 class=\"wp-block-heading\"><strong>Concurs escolar Cap a l'Eclipsi<\/strong><\/h3>\n\n\n\n<div class=\"wp-block-media-text is-stacked-on-mobile\" style=\"grid-template-columns:35% auto\"><figure class=\"wp-block-media-text__media\"><img loading=\"lazy\" decoding=\"async\" width=\"1400\" height=\"2000\" src=\"https:\/\/eclipse-inclusivo.ice.csic.es\/wp-content\/uploads\/2026\/02\/Poster-Cap-a-leclipsi-2.png\" alt=\"\" class=\"wp-image-1665 size-full\"\/><\/figure><div class=\"wp-block-media-text__content\">\n<p>El concurs escolar\u00a0<strong><em><strong>Cap a l\u2019Eclipsi<\/strong><\/em><\/strong>\u00a0planteja reptes cient\u00edfics relacionats amb l'eclipsi total de Sol del 12 d'agost del 2026 per fomentar el pensament cient\u00edfic, la curiositat i la creativitat entre l'alumnat de centres educatius de Catalunya. El professorat actuar\u00e0 com a guia de l'alumnat, fomentant l'\u00fas del m\u00e8tode cient\u00edfic i l'anticipaci\u00f3 al fenomen astron\u00f2mic, amb l'eclipsi com a fil conductor de l'experi\u00e8ncia educativa.<\/p>\n\n\n\n<p>La convocat\u00f2ria estar\u00e0 oberta des del 25 de febrer fins al 15 de maig de 2026.<\/p>\n\n\n\n<p>Consulta les bases del concurs <a href=\"https:\/\/eclipse-inclusivo.ice.csic.es\/ca\/rumbo-al-eclipse\/\" data-type=\"page\" data-id=\"1591\">aqu\u00ed<\/a>.<\/p>\n<\/div><\/div>\n<\/div>\n<\/div><\/div>\n\n\n\n<p><\/p>","protected":false},"excerpt":{"rendered":"<p>Eclipse en la Escuela Cursos de formaci\u00f3n al profesorado El programa consiste en dos talleres de formaci\u00f3n de 10 horas cada uno, organizados en tres sesiones complementarias:<\/p>","protected":false},"author":1,"featured_media":0,"parent":0,"menu_order":0,"comment_status":"closed","ping_status":"closed","template":"","meta":{"_acf_changed":false,"neve_meta_sidebar":"full-width","neve_meta_container":"","neve_meta_enable_content_width":"on","neve_meta_content_width":100,"neve_meta_title_alignment":"","neve_meta_author_avatar":"","neve_post_elements_order":"","neve_meta_disable_header":"","neve_meta_disable_footer":"","neve_meta_disable_title":"on","_themeisle_gutenberg_block_has_review":false,"footnotes":""},"class_list":["post-370","page","type-page","status-publish","hentry"],"acf":[],"jetpack_sharing_enabled":true,"_links":{"self":[{"href":"https:\/\/eclipse-inclusivo.ice.csic.es\/ca\/wp-json\/wp\/v2\/pages\/370","targetHints":{"allow":["GET"]}}],"collection":[{"href":"https:\/\/eclipse-inclusivo.ice.csic.es\/ca\/wp-json\/wp\/v2\/pages"}],"about":[{"href":"https:\/\/eclipse-inclusivo.ice.csic.es\/ca\/wp-json\/wp\/v2\/types\/page"}],"author":[{"embeddable":true,"href":"https:\/\/eclipse-inclusivo.ice.csic.es\/ca\/wp-json\/wp\/v2\/users\/1"}],"replies":[{"embeddable":true,"href":"https:\/\/eclipse-inclusivo.ice.csic.es\/ca\/wp-json\/wp\/v2\/comments?post=370"}],"version-history":[{"count":87,"href":"https:\/\/eclipse-inclusivo.ice.csic.es\/ca\/wp-json\/wp\/v2\/pages\/370\/revisions"}],"predecessor-version":[{"id":1681,"href":"https:\/\/eclipse-inclusivo.ice.csic.es\/ca\/wp-json\/wp\/v2\/pages\/370\/revisions\/1681"}],"wp:attachment":[{"href":"https:\/\/eclipse-inclusivo.ice.csic.es\/ca\/wp-json\/wp\/v2\/media?parent=370"}],"curies":[{"name":"wp","href":"https:\/\/api.w.org\/{rel}","templated":true}]}}