{"id":578,"date":"2025-10-23T13:26:37","date_gmt":"2025-10-23T11:26:37","guid":{"rendered":"https:\/\/eclipse-inclusivo.ice.csic.es\/?page_id=578"},"modified":"2026-03-30T11:47:36","modified_gmt":"2026-03-30T09:47:36","slug":"eclipse-compartido","status":"publish","type":"page","link":"https:\/\/eclipse-inclusivo.ice.csic.es\/ca\/eclipse-compartido\/","title":{"rendered":"Eclipsi compartit"},"content":{"rendered":"<div class=\"wp-block-cover alignfull is-light has-neve-text-color-color has-text-color has-link-color wp-elements-ad9b7443dfba874f9c6d6461e30c8b6f\" style=\"min-height:200px;aspect-ratio:unset;\"><img fetchpriority=\"high\" decoding=\"async\" width=\"3841\" height=\"601\" class=\"wp-block-cover__image-background wp-image-1150 size-full\" alt=\"\" src=\"https:\/\/eclipse-inclusivo.ice.csic.es\/wp-content\/uploads\/2025\/10\/SECCION-DESKTOP.png\" data-object-fit=\"cover\"\/><span aria-hidden=\"true\" class=\"wp-block-cover__background has-background-dim-0 has-background-dim\"><\/span><div class=\"wp-block-cover__inner-container is-layout-constrained wp-block-cover-is-layout-constrained\">\n<h1 class=\"wp-block-heading alignwide has-text-align-left\">Eclipsi compartit<\/h1>\n<\/div><\/div>\n\n\n\n<h1 class=\"wp-block-heading\">Eclipsi compartit<\/h1>\n\n\n\n<div style=\"height:100px\" aria-hidden=\"true\" class=\"wp-block-spacer\"><\/div>\n\n\n\n<div id=\"wp-block-themeisle-blocks-advanced-columns-160da789\" class=\"wp-block-themeisle-blocks-advanced-columns has-1-columns has-desktop-equal-layout has-tablet-equal-layout has-mobile-collapsedRows-layout has-vertical-unset\"><div class=\"wp-block-themeisle-blocks-advanced-columns-overlay\"><\/div><div class=\"innerblocks-wrap\">\n<div id=\"wp-block-themeisle-blocks-advanced-column-d5d7f31c\" class=\"wp-block-themeisle-blocks-advanced-column\">\n<p>Eclipsi compartit t\u00e9 com a objectiu que totes les persones puguin experimentar i gaudir l'eclipsi, mitjan\u00e7ant activitats inclusives i eines adaptades. Est\u00e0 especialment dissenyat per apropar l'astronomia a col\u00b7lectius vulnerables que habitualment tenen menys oportunitats de participar en activitats cient\u00edfiques i d'observaci\u00f3 astron\u00f2mica.<\/p>\n\n\n\n<div style=\"height:39px\" aria-hidden=\"true\" class=\"wp-block-spacer\"><\/div>\n\n\n\n<h3 class=\"wp-block-heading\">ACTIVITATS PER A PERSONES AMB CEGUERA I DISCAPACITAT VISUAL<\/h3>\n<\/div>\n<\/div><\/div>\n\n\n\n<div class=\"wp-block-columns is-layout-flex wp-container-core-columns-is-layout-9d6595d7 wp-block-columns-is-layout-flex\">\n<div class=\"wp-block-column is-layout-flow wp-block-column-is-layout-flow\" style=\"flex-basis:50%\">\n<h3 class=\"wp-block-heading\">Producci\u00f3 dispositius LightSound<\/h3>\n\n\n\n<p><strong><em><mark style=\"background-color:rgba(0, 0, 0, 0)\" class=\"has-inline-color has-neve-link-color-color\">Eclipsi Inclusiu<\/mark><\/em><\/strong> produir\u00e0 dispositius LightSound, una eina que permet viure un eclipsi a trav\u00e9s del so. El dispositiu, basat en tecnologia Arduino, transforma la intensitat de la llum en so: a mesura que la Lluna cobreix el Sol, el to s'atenua i es torna m\u00e9s greu, reproduint auditivament el proc\u00e9s de l'eclipsi. Aquests dispositius s'han utilitzat amb \u00e8xit en eclipsis anteriors als EUA, Xile i l'Argentina.&nbsp;<\/p>\n\n\n\n<p><strong><em><mark style=\"background-color:rgba(0, 0, 0, 0)\" class=\"has-inline-color has-neve-link-color-color\">Eclipsi Inclusiu<\/mark><\/em><\/strong> identificar\u00e0 els esdeveniments que s'organitzin a Espanya per observar l'eclipsi total de Sol i contactar\u00e0 amb els organitzadors\/as per proporcionar dispositius LightSound en pr\u00e9stec. L'objectiu \u00e9s aconseguir esdeveniments totalment inclusius d'observaci\u00f3 d'eclipsi al llarg del pa\u00eds.&nbsp;<\/p>\n<\/div>\n\n\n\n<div class=\"wp-block-column is-vertically-aligned-center is-layout-flow wp-block-column-is-layout-flow\" style=\"flex-basis:41.67%\"><div class=\"wp-block-image\">\n<figure class=\"aligncenter size-full is-resized has-custom-border\"><img decoding=\"async\" width=\"1909\" height=\"1069\" src=\"https:\/\/eclipse-inclusivo.ice.csic.es\/wp-content\/uploads\/2025\/10\/Lightsound-unmadecases.jpg\" alt=\"Dispositivos Lightsound. Cr\u00e9ditos: Lightsound.\" class=\"wp-image-1373\" style=\"border-style:none;border-width:0px;aspect-ratio:1.0615091515275226;width:410px;height:auto\"\/><figcaption class=\"wp-element-caption\">Dispositius Lightsound.<br>Cr\u00e8dits: Lightsound.<\/figcaption><\/figure><\/div>\n\n\n<div class=\"wp-block-buttons is-layout-flex wp-block-buttons-is-layout-flex\">\n<div class=\"wp-block-button is-style-primary\"><a class=\"wp-block-button__link wp-element-button\" href=\"https:\/\/eclipse-inclusivo.ice.csic.es\/ca\/distribucion-lightsound\/\">Convocat\u00f2ria Dispositius LightSound<\/a><\/div>\n<\/div>\n<\/div>\n<\/div>\n\n\n\n<div class=\"wp-block-columns is-layout-flex wp-container-core-columns-is-layout-9d6595d7 wp-block-columns-is-layout-flex\">\n<div class=\"wp-block-column is-layout-flow wp-block-column-is-layout-flow\" style=\"flex-basis:50%\">\n<h3 class=\"wp-block-heading\">Tallers educatius<\/h3>\n\n\n<div class=\"wp-block-image\">\n<figure class=\"aligncenter size-full is-resized\"><img decoding=\"async\" width=\"2438\" height=\"1600\" src=\"https:\/\/eclipse-inclusivo.ice.csic.es\/wp-content\/uploads\/2025\/10\/iau1809c_web.jpg\" alt=\"Actividades con materiales t\u00e1ctiles de astronom\u00eda para personas con discapacidad visual. Cr\u00e9ditos: IAU.\" class=\"wp-image-1375\" style=\"aspect-ratio:1.5007816571130796;width:465px;height:auto\"\/><figcaption class=\"wp-element-caption\">Activitats amb materials t\u00e0ctils dastronomia per a persones amb discapacitat visual. Cr\u00e8dits: IAU.<\/figcaption><\/figure><\/div><\/div>\n\n\n\n<div class=\"wp-block-column is-vertically-aligned-center is-layout-flow wp-block-column-is-layout-flow\" style=\"flex-basis:41.67%\">\n<p><strong><em><mark style=\"background-color:rgba(0, 0, 0, 0)\" class=\"has-inline-color has-neve-link-color-color\">Eclipsi Inclusiu<\/mark><\/em><\/strong> realitzar\u00e0 tallers educatius sobre el Sol i eclipsis per a persones amb ceguesa i amb discapacitat visual. En aquests tallers s'utilitzaran models t\u00e0ctils del Sol i eines de sonificaci\u00f3 a trav\u00e9s del dispositiu LightSound, que serviran per informar sobre el Sol i els eclipsis i crear expectaci\u00f3 per a l'eclipsi de 2026.<\/p>\n<\/div>\n<\/div>\n\n\n\n<div class=\"wp-block-columns is-layout-flex wp-container-core-columns-is-layout-9d6595d7 wp-block-columns-is-layout-flex\">\n<div class=\"wp-block-column is-layout-flow wp-block-column-is-layout-flow\" style=\"flex-basis:50%\">\n<h3 class=\"wp-block-heading\">Activitats per a nens i nenes sahrau\u00eds<\/h3>\n\n\n\n<p>En el marc del programa \u2018Vacaciones en Paz\u2019, Eclipsi Inclusiu organitzar\u00e0 una jornada pr\u00e0ctica sobre el Sol i els eclipsis dirigida a nenes i nens refugiats sahrau\u00eds que passen l'estiu a la regi\u00f3 de Barcelona amb fam\u00edlies d'acolliment.<br>Aquesta acci\u00f3 es desenvolupa dins del projecte <a href=\"https:\/\/www.galileomobile.org\/amanar\">Amanar<\/a>, impulsat per GalileoMobile i amb la participaci\u00f3 de centres de recerca astron\u00f2mica espanyols i diverses ONG, que busca inspirar a la comunitat sahrau\u00ed a trav\u00e9s de l'astronomia.<\/p>\n<\/div>\n\n\n\n<div class=\"wp-block-column is-vertically-aligned-center is-layout-flow wp-block-column-is-layout-flow\" style=\"flex-basis:41.67%\"><div class=\"wp-block-image\">\n<figure class=\"aligncenter size-full is-resized\"><img loading=\"lazy\" decoding=\"async\" width=\"1600\" height=\"1200\" src=\"https:\/\/eclipse-inclusivo.ice.csic.es\/wp-content\/uploads\/2025\/10\/Amanar-Barcelona-2024.jpg\" alt=\"Actividades del programa de verano Amanar en Barcelona en el a\u00f1o 2024 organizadas por ICE-CSIC. Cr\u00e9ditos: ICE-CSIC.\" class=\"wp-image-1376\" style=\"aspect-ratio:1.3333618221443528;width:400px;height:auto\"\/><figcaption class=\"wp-element-caption\">Activitats del programa d'estiu Amanar a Barcelona l'any 2024 organitzades per l'ICE-CSIC. Cr\u00e8dits: ICE-CSIC.<\/figcaption><\/figure><\/div><\/div>\n<\/div>\n\n\n\n<h3 class=\"wp-block-heading\">Esdeveniment observaci\u00f3 eclipsi total Sol 12 agost 2026<\/h3>\n\n\n\n<p><strong><em><mark style=\"background-color:rgba(0, 0, 0, 0)\" class=\"has-inline-color has-neve-link-color-color\">Eclipsi Inclusiu<\/mark><\/em><\/strong> organitzar\u00e0 un esdeveniment per observar l'eclipsi total espec\u00edfic per a persones amb ceguesa i discapacitat visual i per a les nenes i nens sahrau\u00eds i les seves fam\u00edlies d'acolliment que hagin participat en els tallers de preparaci\u00f3, perqu\u00e8 puguin experimentar l'eclipsi amb el dispositiu LightSound.<\/p>\n\n\n\n<p>El lloc de l'esdeveniment es determinar\u00e0 en funci\u00f3 de la seva accessibilitat i de les millors condicions meteorol\u00f2giques i observacionals per gaudir plenament de l'eclipsi total de Sol.<\/p>","protected":false},"excerpt":{"rendered":"<p>Eclipse compartido Producci\u00f3n dispositivos Lightsound Eclipse Inclusivo producir\u00e1 dispositivos LightSound, una herramienta que permite vivir un eclipse a trav\u00e9s del sonido. El dispositivo, basado en tecnolog\u00eda Arduino, transforma la intensidad de la luz en sonido: a medida que la Luna cubre el Sol, el tono se aten\u00faa y se vuelve m\u00e1s grave, reproduciendo auditivamente el&hellip;&nbsp;<a href=\"https:\/\/eclipse-inclusivo.ice.csic.es\/ca\/eclipse-compartido\/\" rel=\"bookmark\"><span class=\"screen-reader-text\">Eclipsi compartit<\/span><\/a><\/p>","protected":false},"author":1,"featured_media":0,"parent":0,"menu_order":0,"comment_status":"closed","ping_status":"closed","template":"","meta":{"_acf_changed":false,"neve_meta_sidebar":"","neve_meta_container":"","neve_meta_enable_content_width":"","neve_meta_content_width":0,"neve_meta_title_alignment":"","neve_meta_author_avatar":"","neve_post_elements_order":"","neve_meta_disable_header":"","neve_meta_disable_footer":"","neve_meta_disable_title":"on","_themeisle_gutenberg_block_has_review":false,"footnotes":""},"class_list":["post-578","page","type-page","status-publish","hentry"],"acf":[],"jetpack_sharing_enabled":true,"_links":{"self":[{"href":"https:\/\/eclipse-inclusivo.ice.csic.es\/ca\/wp-json\/wp\/v2\/pages\/578","targetHints":{"allow":["GET"]}}],"collection":[{"href":"https:\/\/eclipse-inclusivo.ice.csic.es\/ca\/wp-json\/wp\/v2\/pages"}],"about":[{"href":"https:\/\/eclipse-inclusivo.ice.csic.es\/ca\/wp-json\/wp\/v2\/types\/page"}],"author":[{"embeddable":true,"href":"https:\/\/eclipse-inclusivo.ice.csic.es\/ca\/wp-json\/wp\/v2\/users\/1"}],"replies":[{"embeddable":true,"href":"https:\/\/eclipse-inclusivo.ice.csic.es\/ca\/wp-json\/wp\/v2\/comments?post=578"}],"version-history":[{"count":42,"href":"https:\/\/eclipse-inclusivo.ice.csic.es\/ca\/wp-json\/wp\/v2\/pages\/578\/revisions"}],"predecessor-version":[{"id":1769,"href":"https:\/\/eclipse-inclusivo.ice.csic.es\/ca\/wp-json\/wp\/v2\/pages\/578\/revisions\/1769"}],"wp:attachment":[{"href":"https:\/\/eclipse-inclusivo.ice.csic.es\/ca\/wp-json\/wp\/v2\/media?parent=578"}],"curies":[{"name":"wp","href":"https:\/\/api.w.org\/{rel}","templated":true}]}}