{"id":711,"date":"2025-10-23T18:42:16","date_gmt":"2025-10-23T16:42:16","guid":{"rendered":"https:\/\/eclipse-inclusivo.ice.csic.es\/?page_id=711"},"modified":"2026-03-19T16:22:11","modified_gmt":"2026-03-19T15:22:11","slug":"noticias","status":"publish","type":"page","link":"https:\/\/eclipse-inclusivo.ice.csic.es\/ca\/noticias\/","title":{"rendered":"Not\u00edcies"},"content":{"rendered":"<div class=\"wp-block-cover alignfull is-light has-neve-text-color-color has-text-color has-link-color wp-elements-e484475913a1d9ef54be5d5c8d8a51b8\" style=\"min-height:200px;aspect-ratio:unset;\"><img fetchpriority=\"high\" decoding=\"async\" width=\"3841\" height=\"601\" class=\"wp-block-cover__image-background wp-image-1150 size-full\" alt=\"\" src=\"https:\/\/eclipse-inclusivo.ice.csic.es\/wp-content\/uploads\/2025\/10\/SECCION-DESKTOP.png\" data-object-fit=\"cover\"\/><span aria-hidden=\"true\" class=\"wp-block-cover__background has-background-dim-0 has-background-dim\"><\/span><div class=\"wp-block-cover__inner-container is-layout-flow wp-block-cover-is-layout-flow\">\n<div class=\"wp-block-group\"><div class=\"wp-block-group__inner-container is-layout-flow wp-block-group-is-layout-flow\">\n<h1 class=\"wp-block-heading alignwide has-text-align-left has-neve-text-color-color has-text-color\">Not\u00edcies<\/h1>\n<\/div><\/div>\n<\/div><\/div>\n\n\n\n<h1 class=\"wp-block-heading\">Not\u00edcies<\/h1>\n\n\n<div class=\"at-block at-block-748a9d3d-4c4d-40b7-9090-13b46521a557 at-block-post-grid atb-image-ratio-16-9 atb-image-size-full atb-image-position-top atb-card-vertical-alignment-stretch atb-has-carousel-dots card-padding wp-block-athemes-blocks-post-grid\"><style>.at-block-748a9d3d-4c4d-40b7-9090-13b46521a557 .at-block-post-grid__item { border-top-left-radius: 4px ;border-top-right-radius: 4px ;border-bottom-right-radius: 4px ;border-bottom-left-radius: 4px  } .at-block-748a9d3d-4c4d-40b7-9090-13b46521a557.has-image-overlay .at-block-post-grid__image:before { border-top-left-radius: 4px ;border-top-right-radius: 4px ;border-bottom-right-radius: 4px ;border-bottom-left-radius: 4px  } .at-block-748a9d3d-4c4d-40b7-9090-13b46521a557 .onsale { font-size: 0.9rem;font-weight: 400;text-transform: uppercase;text-decoration: none;line-height: 1em } .at-block-748a9d3d-4c4d-40b7-9090-13b46521a557 .onsale { border-style: none;border-top-left-radius: 4px ;border-top-right-radius: 4px ;border-bottom-right-radius: 4px ;border-bottom-left-radius: 4px  } @media (max-width: 1024px) { .at-block-748a9d3d-4c4d-40b7-9090-13b46521a557 .onsale { border-style: none  }  } @media (max-width: 767px) { .at-block-748a9d3d-4c4d-40b7-9090-13b46521a557 .onsale { border-style: none  }  } .at-block-748a9d3d-4c4d-40b7-9090-13b46521a557 .at-block-post-grid__title { text-decoration: none } .at-block-748a9d3d-4c4d-40b7-9090-13b46521a557 .at-block-post-grid__button-button { text-decoration: none;line-height: 1em } @media (max-width: 1024px) { .at-block-748a9d3d-4c4d-40b7-9090-13b46521a557 .at-block-post-grid__button-button { text-decoration: none ;line-height: 1em  }  } @media (max-width: 767px) { .at-block-748a9d3d-4c4d-40b7-9090-13b46521a557 .at-block-post-grid__button-button { text-decoration: none ;line-height: 1em  }  } .at-block-748a9d3d-4c4d-40b7-9090-13b46521a557 .at-block-post-grid__button-button { border-top-left-radius: 4px ;border-top-right-radius: 4px ;border-bottom-right-radius: 4px ;border-bottom-left-radius: 4px  } .at-block-748a9d3d-4c4d-40b7-9090-13b46521a557 .at-block-post-grid__pagination-numbers .page-numbers { border-top-left-radius: 4px ;border-top-right-radius: 4px ;border-bottom-right-radius: 4px ;border-bottom-left-radius: 4px ;border-color: #212121  } .at-block-748a9d3d-4c4d-40b7-9090-13b46521a557 .at-block-post-grid__pagination-numbers .page-numbers:hover { border-color: #757575  } .at-block-748a9d3d-4c4d-40b7-9090-13b46521a557 .at-block-post-grid__pagination-button { border-style: none;border-top-left-radius: 4px ;border-top-right-radius: 4px ;border-bottom-right-radius: 4px ;border-bottom-left-radius: 4px  } @media (max-width: 1024px) { .at-block-748a9d3d-4c4d-40b7-9090-13b46521a557 .at-block-post-grid__pagination-button { border-style: none  }  } @media (max-width: 767px) { .at-block-748a9d3d-4c4d-40b7-9090-13b46521a557 .at-block-post-grid__pagination-button { border-style: none  }  } .at-block-748a9d3d-4c4d-40b7-9090-13b46521a557 .at-block-post-grid__pagination { justify-content: center;margin-top: 30px } .at-block-748a9d3d-4c4d-40b7-9090-13b46521a557 { --atb-post-grid-columns: 3;--atb-post-grid-columns-gap: 15px;--atb-post-grid-rows-gap: 15px;--atb-post-grid-image-width: 35%;--atb-post-grid-image-gap: 15px;--atb-image-overlay-color: #212121;--atb-image-overlay-opacity: 0.5;--atb-post-grid-sale-badge-text-color: #FFF;--atb-post-grid-sale-badge-background-color: #212121;--atb-post-grid-sale-badge-offset: 20px;--atb-post-grid-pagination-active-background-color: #212121 ;--atb-post-grid-pagination-active-text-color: #FFF ;--atb-post-grid-pagination-items-gap: 20px;z-index: 0; position: relative;  } .at-block-748a9d3d-4c4d-40b7-9090-13b46521a557 .at-block-post-grid__items { align-items: stretch } .at-block-748a9d3d-4c4d-40b7-9090-13b46521a557.card-padding .at-block-post-grid__item { padding-top: 30px ;padding-right: 30px ;padding-bottom: 30px ;padding-left: 30px  } .at-block-748a9d3d-4c4d-40b7-9090-13b46521a557.content-padding .at-block-post-grid__item .at-block-post-grid__content { padding-top: 30px ;padding-right: 30px ;padding-bottom: 30px ;padding-left: 30px  } .at-block-748a9d3d-4c4d-40b7-9090-13b46521a557 .at-block-nav { --at-block-nav-arrow-size: 50px } .at-block-748a9d3d-4c4d-40b7-9090-13b46521a557 .swiper-pagination-bullets { --at-block-dots-offset: 0px } .at-block-748a9d3d-4c4d-40b7-9090-13b46521a557 .at-block-post-grid__image { margin-bottom: 10px } .at-block-748a9d3d-4c4d-40b7-9090-13b46521a557 .onsale { padding-top: 10px ;padding-right: 20px ;padding-bottom: 10px ;padding-left: 20px  } .at-block-748a9d3d-4c4d-40b7-9090-13b46521a557 .at-block-post-grid__title a { color: #212121  } .at-block-748a9d3d-4c4d-40b7-9090-13b46521a557 .at-block-post-grid__title a:hover { color: #757575  } .at-block-748a9d3d-4c4d-40b7-9090-13b46521a557 .at-block-post-grid__title { margin-bottom: 10px !important;  } .at-block-748a9d3d-4c4d-40b7-9090-13b46521a557 .at-block-post-grid__reviews-rating .atb-star-rating span:before { color: #FFA534 } .at-block-748a9d3d-4c4d-40b7-9090-13b46521a557 .at-block-post-grid__reviews-rating .atb-star-rating::before { color: #ededed } .at-block-748a9d3d-4c4d-40b7-9090-13b46521a557 .at-block-post-grid__reviews-rating { margin-bottom: 10px } .at-block-748a9d3d-4c4d-40b7-9090-13b46521a557 .at-block-post-grid__meta { color: #444;margin-bottom: 10px } .at-block-748a9d3d-4c4d-40b7-9090-13b46521a557 .at-block-post-grid__meta-icon svg { fill: #444 } .at-block-748a9d3d-4c4d-40b7-9090-13b46521a557 .at-block-post-grid__excerpt { color: #444;margin-bottom: 25px } .at-block-748a9d3d-4c4d-40b7-9090-13b46521a557 .at-block-post-grid__price { color: #212121;margin-bottom: 25px } .at-block-748a9d3d-4c4d-40b7-9090-13b46521a557 .at-block-post-grid__button-button { --atb-post-grid-button-color: #fff ;background-color: #212121 ;padding-top: 13px ;padding-right: 25px ;padding-bottom: 13px ;padding-left: 25px  } .at-block-748a9d3d-4c4d-40b7-9090-13b46521a557 .at-block-post-grid__button-button:hover { --atb-post-grid-button-color: #fff ;background-color: #757575  } .at-block-748a9d3d-4c4d-40b7-9090-13b46521a557 .at-block-post-grid__pagination-numbers .page-numbers { --atb-post-grid-pagination-text-color: #212121  } .at-block-748a9d3d-4c4d-40b7-9090-13b46521a557 .at-block-post-grid__pagination-numbers .page-numbers:hover { --atb-post-grid-pagination-text-color: #757575  } .at-block-748a9d3d-4c4d-40b7-9090-13b46521a557 .at-block-post-grid__pagination-button { background-color: #212121 ;color: #FFF ;padding-top: 10px ;padding-right: 25px ;padding-bottom: 10px ;padding-left: 25px  } .at-block-748a9d3d-4c4d-40b7-9090-13b46521a557 .at-block-post-grid__pagination-button:hover { background-color: #757575 ;color: #FFF  } @media (max-width: 1024px) { .at-block-748a9d3d-4c4d-40b7-9090-13b46521a557 .at-block-post-grid__pagination { justify-content: center  } .at-block-748a9d3d-4c4d-40b7-9090-13b46521a557 { --atb-post-grid-columns: 2 ;--atb-post-grid-columns-gap: 15px ;--atb-post-grid-rows-gap: 15px  }  } @media (max-width: 767px) { .at-block-748a9d3d-4c4d-40b7-9090-13b46521a557 .at-block-post-grid__pagination { justify-content: center  } .at-block-748a9d3d-4c4d-40b7-9090-13b46521a557 { --atb-post-grid-columns: 1 ;--atb-post-grid-columns-gap: 15px ;--atb-post-grid-rows-gap: 15px  }  } <\/style><div class=\"at-block-post-grid__items\">            <div class=\"at-block-post-grid__item\">\r\n                    <a href=\"https:\/\/eclipse-inclusivo.ice.csic.es\/ca\/anuncio-lightsound-eclipse\/\" class=\"at-block-post-grid__image\">\r\n                <img decoding=\"async\" width=\"1040\" height=\"780\" src=\"https:\/\/eclipse-inclusivo.ice.csic.es\/wp-content\/uploads\/2026\/03\/SAmerica_2019_LaPortadaStadium.jpeg\" class=\"at-block-post-grid__image-image wp-post-image\" alt=\"Grupo de personas experimentando el eclipse total de Sol del 2 de julio de 2019 con dispositivos LightSound en evento en el estadio La Portada en la Serena, Chile. Cr\u00e9ditos: LightSound.\" \/>            <\/a>\r\n        \r\n        <div class=\"at-block-post-grid__content\">\r\n\r\n            <h4 class=\"at-block-post-grid__title\"><a href=\"https:\/\/eclipse-inclusivo.ice.csic.es\/ca\/anuncio-lightsound-eclipse\/\">El projecte Eclipsi Inclusiu apropa l\u2019experi\u00e8ncia de l\u2019eclipsi a les persones amb discapacitat visual<\/a><\/h4>                <div class=\"at-block-post-grid__meta\">\r\n                                            <a href=\"https:\/\/eclipse-inclusivo.ice.csic.es\/ca\/anuncio-lightsound-eclipse\/\" class=\"at-block-post-grid__date\">\r\n                            30 de mar\u00e7 de 2026                        <\/a>\r\n                                    <\/div>\r\n                        <\/div>\r\n                <\/div>\r\n                <div class=\"at-block-post-grid__item\">\r\n                    <a href=\"https:\/\/eclipse-inclusivo.ice.csic.es\/ca\/entrevista-republica-santboiana-radio-sant-boi\/\" class=\"at-block-post-grid__image\">\r\n                <img decoding=\"async\" width=\"296\" height=\"170\" src=\"https:\/\/eclipse-inclusivo.ice.csic.es\/wp-content\/uploads\/2026\/03\/repsantboi.jpg\" class=\"at-block-post-grid__image-image wp-post-image\" alt=\"\" \/>            <\/a>\r\n        \r\n        <div class=\"at-block-post-grid__content\">\r\n\r\n            <h4 class=\"at-block-post-grid__title\"><a href=\"https:\/\/eclipse-inclusivo.ice.csic.es\/ca\/entrevista-republica-santboiana-radio-sant-boi\/\">Premsa | Entrevista Rep\u00fablica Santboiana \u2013 R\u00e0dio Sant Boi<\/a><\/h4>                <div class=\"at-block-post-grid__meta\">\r\n                                            <a href=\"https:\/\/eclipse-inclusivo.ice.csic.es\/ca\/entrevista-republica-santboiana-radio-sant-boi\/\" class=\"at-block-post-grid__date\">\r\n                            11 de mar\u00e7 de 2026                        <\/a>\r\n                                    <\/div>\r\n                        <\/div>\r\n                <\/div>\r\n                <div class=\"at-block-post-grid__item\">\r\n                    <a href=\"https:\/\/eclipse-inclusivo.ice.csic.es\/ca\/el-ice-csic-lanza-el-concurso-escolar-rumbo-al-eclipse\/\" class=\"at-block-post-grid__image\">\r\n                <img loading=\"lazy\" decoding=\"async\" width=\"1400\" height=\"2000\" src=\"https:\/\/eclipse-inclusivo.ice.csic.es\/wp-content\/uploads\/2026\/02\/Poster-Cap-a-leclipsi-2.png\" class=\"at-block-post-grid__image-image wp-post-image\" alt=\"\" \/>            <\/a>\r\n        \r\n        <div class=\"at-block-post-grid__content\">\r\n\r\n            <h4 class=\"at-block-post-grid__title\"><a href=\"https:\/\/eclipse-inclusivo.ice.csic.es\/ca\/el-ice-csic-lanza-el-concurso-escolar-rumbo-al-eclipse\/\">L\u2019ICE-CSIC llan\u00e7a el concurs escolar Cap a l\u2019Eclipsi<\/a><\/h4>                <div class=\"at-block-post-grid__meta\">\r\n                                            <a href=\"https:\/\/eclipse-inclusivo.ice.csic.es\/ca\/el-ice-csic-lanza-el-concurso-escolar-rumbo-al-eclipse\/\" class=\"at-block-post-grid__date\">\r\n                            25 de febrer de 2026                        <\/a>\r\n                                    <\/div>\r\n                        <\/div>\r\n                <\/div>\r\n                <div class=\"at-block-post-grid__item\">\r\n                    <a href=\"https:\/\/eclipse-inclusivo.ice.csic.es\/ca\/prensa-entrevista-podcast-ciencia-al-punto-once\/\" class=\"at-block-post-grid__image\">\r\n                <img loading=\"lazy\" decoding=\"async\" width=\"300\" height=\"300\" src=\"https:\/\/eclipse-inclusivo.ice.csic.es\/wp-content\/uploads\/2026\/03\/ciencia-al-punto.jpg\" class=\"at-block-post-grid__image-image wp-post-image\" alt=\"\" \/>            <\/a>\r\n        \r\n        <div class=\"at-block-post-grid__content\">\r\n\r\n            <h4 class=\"at-block-post-grid__title\"><a href=\"https:\/\/eclipse-inclusivo.ice.csic.es\/ca\/prensa-entrevista-podcast-ciencia-al-punto-once\/\">Premsa | Entrevista Podcast Ci\u00e8ncia al Punt \u2013 ONCE<\/a><\/h4>                <div class=\"at-block-post-grid__meta\">\r\n                                            <a href=\"https:\/\/eclipse-inclusivo.ice.csic.es\/ca\/prensa-entrevista-podcast-ciencia-al-punto-once\/\" class=\"at-block-post-grid__date\">\r\n                            17 de febrer de 2026                        <\/a>\r\n                                    <\/div>\r\n                        <\/div>\r\n                <\/div>\r\n                <div class=\"at-block-post-grid__item\">\r\n                    <a href=\"https:\/\/eclipse-inclusivo.ice.csic.es\/ca\/eclipse-inclusivo-en-iii-feria-de-la-nina-y-la-mujer-en-la-ciencia-del-ministerio-de-educacion\/\" class=\"at-block-post-grid__image\">\r\n                <img loading=\"lazy\" decoding=\"async\" width=\"2048\" height=\"1365\" src=\"https:\/\/eclipse-inclusivo.ice.csic.es\/wp-content\/uploads\/2026\/03\/11F-Ministerio-Grupo-.jpg\" class=\"at-block-post-grid__image-image wp-post-image\" alt=\"Foto grupo feria 11F Ministerio educaci\u00f3n. Cr\u00e9ditos: Minsiterio de Educaci\u00f3n, Formaci\u00f3n Profesional y Deportes.\" \/>            <\/a>\r\n        \r\n        <div class=\"at-block-post-grid__content\">\r\n\r\n            <h4 class=\"at-block-post-grid__title\"><a href=\"https:\/\/eclipse-inclusivo.ice.csic.es\/ca\/eclipse-inclusivo-en-iii-feria-de-la-nina-y-la-mujer-en-la-ciencia-del-ministerio-de-educacion\/\">Eclipse Inclusiu participa a la III Fira de la Nena i la Dona a la Ci\u00e8ncia del Ministeri d'Educaci\u00f3<\/a><\/h4>                <div class=\"at-block-post-grid__meta\">\r\n                                            <a href=\"https:\/\/eclipse-inclusivo.ice.csic.es\/ca\/eclipse-inclusivo-en-iii-feria-de-la-nina-y-la-mujer-en-la-ciencia-del-ministerio-de-educacion\/\" class=\"at-block-post-grid__date\">\r\n                            9 de febrer de 2026                        <\/a>\r\n                                    <\/div>\r\n                        <\/div>\r\n                <\/div>\r\n                <div class=\"at-block-post-grid__item\">\r\n                    <a href=\"https:\/\/eclipse-inclusivo.ice.csic.es\/ca\/prensa-informativo-votv\/\" class=\"at-block-post-grid__image\">\r\n                <img loading=\"lazy\" decoding=\"async\" width=\"2874\" height=\"1323\" src=\"https:\/\/eclipse-inclusivo.ice.csic.es\/wp-content\/uploads\/2026\/03\/VOTV.jpg\" class=\"at-block-post-grid__image-image wp-post-image\" alt=\"\" \/>            <\/a>\r\n        \r\n        <div class=\"at-block-post-grid__content\">\r\n\r\n            <h4 class=\"at-block-post-grid__title\"><a href=\"https:\/\/eclipse-inclusivo.ice.csic.es\/ca\/prensa-informativo-votv\/\">Premsa | Informatiu VOTV<\/a><\/h4>                <div class=\"at-block-post-grid__meta\">\r\n                                            <a href=\"https:\/\/eclipse-inclusivo.ice.csic.es\/ca\/prensa-informativo-votv\/\" class=\"at-block-post-grid__date\">\r\n                            7 de febrer de 2026                        <\/a>\r\n                                    <\/div>\r\n                        <\/div>\r\n                <\/div>\r\n    <\/div><\/div>\n\n\n<p><\/p>","protected":false},"excerpt":{"rendered":"<p>Not\u00edcies<\/p>","protected":false},"author":1,"featured_media":0,"parent":0,"menu_order":0,"comment_status":"closed","ping_status":"closed","template":"","meta":{"_acf_changed":false,"neve_meta_sidebar":"","neve_meta_container":"","neve_meta_enable_content_width":"","neve_meta_content_width":0,"neve_meta_title_alignment":"","neve_meta_author_avatar":"","neve_post_elements_order":"","neve_meta_disable_header":"off","neve_meta_disable_footer":"","neve_meta_disable_title":"on","_themeisle_gutenberg_block_has_review":false,"footnotes":""},"class_list":["post-711","page","type-page","status-publish","hentry"],"acf":[],"jetpack_sharing_enabled":true,"_links":{"self":[{"href":"https:\/\/eclipse-inclusivo.ice.csic.es\/ca\/wp-json\/wp\/v2\/pages\/711","targetHints":{"allow":["GET"]}}],"collection":[{"href":"https:\/\/eclipse-inclusivo.ice.csic.es\/ca\/wp-json\/wp\/v2\/pages"}],"about":[{"href":"https:\/\/eclipse-inclusivo.ice.csic.es\/ca\/wp-json\/wp\/v2\/types\/page"}],"author":[{"embeddable":true,"href":"https:\/\/eclipse-inclusivo.ice.csic.es\/ca\/wp-json\/wp\/v2\/users\/1"}],"replies":[{"embeddable":true,"href":"https:\/\/eclipse-inclusivo.ice.csic.es\/ca\/wp-json\/wp\/v2\/comments?post=711"}],"version-history":[{"count":18,"href":"https:\/\/eclipse-inclusivo.ice.csic.es\/ca\/wp-json\/wp\/v2\/pages\/711\/revisions"}],"predecessor-version":[{"id":1694,"href":"https:\/\/eclipse-inclusivo.ice.csic.es\/ca\/wp-json\/wp\/v2\/pages\/711\/revisions\/1694"}],"wp:attachment":[{"href":"https:\/\/eclipse-inclusivo.ice.csic.es\/ca\/wp-json\/wp\/v2\/media?parent=711"}],"curies":[{"name":"wp","href":"https:\/\/api.w.org\/{rel}","templated":true}]}}