{"id":899,"date":"2025-10-25T14:52:30","date_gmt":"2025-10-25T12:52:30","guid":{"rendered":"https:\/\/eclipse-inclusivo.ice.csic.es\/?page_id=899"},"modified":"2026-03-29T18:04:20","modified_gmt":"2026-03-29T16:04:20","slug":"eventos","status":"publish","type":"page","link":"https:\/\/eclipse-inclusivo.ice.csic.es\/ca\/eventos\/","title":{"rendered":"Esdeveniments"},"content":{"rendered":"<div class=\"wp-block-cover alignfull is-light\" style=\"min-height:200px;aspect-ratio:unset;\"><img fetchpriority=\"high\" decoding=\"async\" width=\"3841\" height=\"601\" class=\"wp-block-cover__image-background wp-image-1150 size-full\" alt=\"\" src=\"https:\/\/eclipse-inclusivo.ice.csic.es\/wp-content\/uploads\/2025\/10\/SECCION-DESKTOP.png\" data-object-fit=\"cover\"\/><span aria-hidden=\"true\" class=\"wp-block-cover__background has-background-dim-0 has-background-dim\"><\/span><div class=\"wp-block-cover__inner-container is-layout-constrained wp-block-cover-is-layout-constrained\">\n<h1 class=\"wp-block-heading alignwide has-text-align-left has-neve-text-color-color has-text-color\">Esdeveniments<\/h1>\n<\/div><\/div>\n\n\n\n<h1 class=\"wp-block-heading\">Esdeveniments<\/h1>\n\n\n\n<div style=\"height:100px\" aria-hidden=\"true\" class=\"wp-block-spacer\"><\/div>\n\n\n<div class=\"wp-block-themeisle-blocks-posts-grid\" id=\"wp-block-themeisle-blocks-posts-grid-c677e3dc\"><div class=\"is-list\"><div class=\"o-posts-grid-post-blog o-posts-grid-post-plain\"><div class=\"o-posts-grid-post\"><div class=\"o-posts-grid-post-image\"><a href=\"https:\/\/eclipse-inclusivo.ice.csic.es\/ca\/taller-sol-y-eclipses-espaiciencia-jornades-cientifiques-de-mataro\/\"><img decoding=\"async\" width=\"1116\" height=\"606\" src=\"https:\/\/eclipse-inclusivo.ice.csic.es\/wp-content\/uploads\/2026\/03\/mataro.png\" class=\"attachment-full size-full\" alt=\"Taller Sol y Eclipses | Jornades Cient\u00edfiques de Matar\u00f3\" \/><\/a><\/div><div class=\"o-posts-grid-post-body\"><h3 class=\"o-posts-grid-post-title\"><a href=\"https:\/\/eclipse-inclusivo.ice.csic.es\/ca\/taller-sol-y-eclipses-espaiciencia-jornades-cientifiques-de-mataro\/\">Taller Sol i Eclipses | Jornades Cient\u00edfiques de Matar\u00f3<\/a><\/h3><div class=\"o-posts-grid-post-description\"><p>11 abril 2026<\/p><\/div><\/div><\/div><\/div><div class=\"o-posts-grid-post-blog o-posts-grid-post-plain\"><div class=\"o-posts-grid-post\"><div class=\"o-posts-grid-post-image\"><a href=\"https:\/\/eclipse-inclusivo.ice.csic.es\/ca\/taller-sol-y-eclipses-festa-de-la-ciencia-barcelona\/\"><img decoding=\"async\" width=\"1198\" height=\"800\" src=\"https:\/\/eclipse-inclusivo.ice.csic.es\/wp-content\/uploads\/2026\/03\/FOTO-RECURS-GENERAL-2025.jpg\" class=\"attachment-full size-full\" alt=\"Taller Sol y Eclipses | Festa de la Ci\u00e8ncia Barcelona\" \/><\/a><\/div><div class=\"o-posts-grid-post-body\"><h3 class=\"o-posts-grid-post-title\"><a href=\"https:\/\/eclipse-inclusivo.ice.csic.es\/ca\/taller-sol-y-eclipses-festa-de-la-ciencia-barcelona\/\">Taller Sol i Eclipses | Festa de la Ci\u00e8ncia Barcelona<\/a><\/h3><div class=\"o-posts-grid-post-description\"><p>18 abril 2026<\/p><\/div><\/div><\/div><\/div><div class=\"o-posts-grid-post-blog o-posts-grid-post-plain\"><div class=\"o-posts-grid-post\"><div class=\"o-posts-grid-post-image\"><a href=\"https:\/\/eclipse-inclusivo.ice.csic.es\/ca\/taller-sol-y-eclipses-once-barcelona\/\"><img loading=\"lazy\" decoding=\"async\" width=\"1040\" height=\"780\" src=\"https:\/\/eclipse-inclusivo.ice.csic.es\/wp-content\/uploads\/2026\/03\/SAmerica_2019_LaPortadaStadium.jpeg\" class=\"attachment-full size-full\" alt=\"Grupo de personas experimentando el eclipse total de Sol del 2 de julio de 2019 con dispositivos LightSound en evento en el estadio La Portada en la Serena, Chile. Cr\u00e9ditos: LightSound.\" \/><\/a><\/div><div class=\"o-posts-grid-post-body\"><h3 class=\"o-posts-grid-post-title\"><a href=\"https:\/\/eclipse-inclusivo.ice.csic.es\/ca\/taller-sol-y-eclipses-once-barcelona\/\">Taller Sol i Eclipses | ONCE Barcelona<\/a><\/h3><div class=\"o-posts-grid-post-description\"><p>26 abril 2026<\/p><\/div><\/div><\/div><\/div><div class=\"o-posts-grid-post-blog o-posts-grid-post-plain\"><div class=\"o-posts-grid-post\"><div class=\"o-posts-grid-post-image\"><a href=\"https:\/\/eclipse-inclusivo.ice.csic.es\/ca\/taller-construccion-dispositivos-lightsound\/\"><img loading=\"lazy\" decoding=\"async\" width=\"1162\" height=\"865\" src=\"https:\/\/eclipse-inclusivo.ice.csic.es\/wp-content\/uploads\/2026\/04\/HarvardWorkshop_AllysonBieryla.jpg\" class=\"attachment-full size-full\" alt=\"Taller construcci\u00f3n dispositivos LightSound\" \/><\/a><\/div><div class=\"o-posts-grid-post-body\"><h3 class=\"o-posts-grid-post-title\"><a href=\"https:\/\/eclipse-inclusivo.ice.csic.es\/ca\/taller-construccion-dispositivos-lightsound\/\">Taller construcci\u00f3 dispositius LightSound<\/a><\/h3><div class=\"o-posts-grid-post-description\"><p>6 mayo 2026<\/p><\/div><\/div><\/div><\/div><\/div> <\/div>\n\n\n<div style=\"height:100px\" aria-hidden=\"true\" class=\"wp-block-spacer\"><\/div>\n\n\n\n<p class=\"has-large-font-size\"><strong>Esdeveniments Passats<\/strong><\/p>\n\n\n<div class=\"wp-block-themeisle-blocks-posts-grid\" id=\"wp-block-themeisle-blocks-posts-grid-dc38a8d9\"><div class=\"is-grid o-posts-grid-columns-3\"><div class=\"o-posts-grid-post-blog o-posts-grid-post-plain\"><div class=\"o-posts-grid-post\"><div class=\"o-posts-grid-post-image\"><a href=\"https:\/\/eclipse-inclusivo.ice.csic.es\/ca\/taller-sol-y-eclipses-espaiciencia-salo-de-lensenyament\/\"><img loading=\"lazy\" decoding=\"async\" width=\"150\" height=\"113\" src=\"https:\/\/eclipse-inclusivo.ice.csic.es\/wp-content\/uploads\/2026\/03\/Panel-EspaiCiencia.jpg\" class=\"attachment-thumbnail size-thumbnail\" alt=\"Taller Sol y Eclipses | EspaiCi\u00e8ncia &#8211; Sal\u00f3 de l&#8217;Ensenyament\" \/><\/a><\/div><div class=\"o-posts-grid-post-body\"><h3 class=\"o-posts-grid-post-title\"><a href=\"https:\/\/eclipse-inclusivo.ice.csic.es\/ca\/taller-sol-y-eclipses-espaiciencia-salo-de-lensenyament\/\">Taller Sol i Eclipses | EspaiCi\u00e8ncia \u2013 Sal\u00f3 de l\u2019Ensenyament<\/a><\/h3><div class=\"o-posts-grid-post-description\"><p>18-21 Mar\u00e7 2026<\/p><\/div><\/div><\/div><\/div><div class=\"o-posts-grid-post-blog o-posts-grid-post-plain\"><div class=\"o-posts-grid-post\"><div class=\"o-posts-grid-post-image\"><a href=\"https:\/\/eclipse-inclusivo.ice.csic.es\/ca\/iii-feria-de-la-nina-y-la-mujer-en-la-ciencia-ministerio-de-educacion-formacion-profesional-y-deportes\/\"><img loading=\"lazy\" decoding=\"async\" width=\"150\" height=\"100\" src=\"https:\/\/eclipse-inclusivo.ice.csic.es\/wp-content\/uploads\/2026\/03\/11F-Ministerio-Grupo-.jpg\" class=\"attachment-thumbnail size-thumbnail\" alt=\"Foto grupo feria 11F Ministerio educaci\u00f3n. Cr\u00e9ditos: Minsiterio de Educaci\u00f3n, Formaci\u00f3n Profesional y Deportes.\" \/><\/a><\/div><div class=\"o-posts-grid-post-body\"><h3 class=\"o-posts-grid-post-title\"><a href=\"https:\/\/eclipse-inclusivo.ice.csic.es\/ca\/iii-feria-de-la-nina-y-la-mujer-en-la-ciencia-ministerio-de-educacion-formacion-profesional-y-deportes\/\">III Fira de la Nena i la Dona a la Ci\u00e8ncia | Ministeri d'Educaci\u00f3, Formaci\u00f3 Professional i Esports<\/a><\/h3><div class=\"o-posts-grid-post-description\"><p>9 Febrer 2026<\/p><\/div><\/div><\/div><\/div><div class=\"o-posts-grid-post-blog o-posts-grid-post-plain\"><div class=\"o-posts-grid-post\"><div class=\"o-posts-grid-post-image\"><a href=\"https:\/\/eclipse-inclusivo.ice.csic.es\/ca\/taller-sol-y-eclipses-matinal-astronomica-les-franqueses-del-valles\/\"><img loading=\"lazy\" decoding=\"async\" width=\"120\" height=\"150\" src=\"https:\/\/eclipse-inclusivo.ice.csic.es\/wp-content\/uploads\/2026\/03\/matinal-1.jpg\" class=\"attachment-thumbnail size-thumbnail\" alt=\"Taller Sol y eclipses &#8211; Matinal Astronomica | Les Franqueses del Vall\u00e8s\" \/><\/a><\/div><div class=\"o-posts-grid-post-body\"><h3 class=\"o-posts-grid-post-title\"><a href=\"https:\/\/eclipse-inclusivo.ice.csic.es\/ca\/taller-sol-y-eclipses-matinal-astronomica-les-franqueses-del-valles\/\">Taller Sol i eclipsis \u2013 Matinal Astronomica | Les Franqueses del Vall\u00e8s<\/a><\/h3><div class=\"o-posts-grid-post-description\"><p>7 Febrer 2026<\/p><\/div><\/div><\/div><\/div><div class=\"o-posts-grid-post-blog o-posts-grid-post-plain\"><div class=\"o-posts-grid-post\"><div class=\"o-posts-grid-post-image\"><a href=\"https:\/\/eclipse-inclusivo.ice.csic.es\/ca\/formacion-profesores-secundaria-sesion-ii\/\"><img loading=\"lazy\" decoding=\"async\" width=\"120\" height=\"150\" src=\"https:\/\/eclipse-inclusivo.ice.csic.es\/wp-content\/uploads\/2025\/10\/formacion-profesorado-secundaria.png\" class=\"attachment-thumbnail size-thumbnail\" alt=\"Formaci\u00f3n Profesores secundaria- Sesi\u00f3n II\" \/><\/a><\/div><div class=\"o-posts-grid-post-body\"><h3 class=\"o-posts-grid-post-title\"><a href=\"https:\/\/eclipse-inclusivo.ice.csic.es\/ca\/formacion-profesores-secundaria-sesion-ii\/\">Formaci\u00f3 Professors secund\u00e0ria - Sessi\u00f3 II<\/a><\/h3><div class=\"o-posts-grid-post-description\"><p>31 de gener 2026<\/p><\/div><\/div><\/div><\/div><div class=\"o-posts-grid-post-blog o-posts-grid-post-plain\"><div class=\"o-posts-grid-post\"><div class=\"o-posts-grid-post-image\"><a href=\"https:\/\/eclipse-inclusivo.ice.csic.es\/ca\/formacion-profesores-primaria-sesion-ii\/\"><img loading=\"lazy\" decoding=\"async\" width=\"120\" height=\"150\" src=\"https:\/\/eclipse-inclusivo.ice.csic.es\/wp-content\/uploads\/2025\/10\/FORMACION-SOL-Y-ECLIPSES-post-ICE-CSIC-ECLIPSE.png\" class=\"attachment-thumbnail size-thumbnail\" alt=\"FORMACI\u00d3N SOL Y ECLIPSES post ICE-CSIC ECLIPSE\" \/><\/a><\/div><div class=\"o-posts-grid-post-body\"><h3 class=\"o-posts-grid-post-title\"><a href=\"https:\/\/eclipse-inclusivo.ice.csic.es\/ca\/formacion-profesores-primaria-sesion-ii\/\">Formaci\u00f3 Professors prim\u00e0ria - Sessi\u00f3 II<\/a><\/h3><div class=\"o-posts-grid-post-description\"><p>24 Enero 2026<\/p><\/div><\/div><\/div><\/div><div class=\"o-posts-grid-post-blog o-posts-grid-post-plain\"><div class=\"o-posts-grid-post\"><div class=\"o-posts-grid-post-image\"><a href=\"https:\/\/eclipse-inclusivo.ice.csic.es\/ca\/formacion-profesores-secundaria-sesion-i\/\"><img loading=\"lazy\" decoding=\"async\" width=\"120\" height=\"150\" src=\"https:\/\/eclipse-inclusivo.ice.csic.es\/wp-content\/uploads\/2025\/10\/formacion-profesorado-secundaria.png\" class=\"attachment-thumbnail size-thumbnail\" alt=\"Formaci\u00f3n Profesores secundaria- Sesi\u00f3n I\" \/><\/a><\/div><div class=\"o-posts-grid-post-body\"><h3 class=\"o-posts-grid-post-title\"><a href=\"https:\/\/eclipse-inclusivo.ice.csic.es\/ca\/formacion-profesores-secundaria-sesion-i\/\">Formaci\u00f3 Professors Secund\u00e0ria - Sessi\u00f3 I<\/a><\/h3><div class=\"o-posts-grid-post-description\"><p>22 de novembre 2025<\/p><\/div><\/div><\/div><\/div><div class=\"o-posts-grid-post-blog o-posts-grid-post-plain\"><div class=\"o-posts-grid-post\"><div class=\"o-posts-grid-post-image\"><a href=\"https:\/\/eclipse-inclusivo.ice.csic.es\/ca\/formacion-profesores-primaria-sesion-i\/\"><img loading=\"lazy\" decoding=\"async\" width=\"120\" height=\"150\" src=\"https:\/\/eclipse-inclusivo.ice.csic.es\/wp-content\/uploads\/2025\/10\/formacion-profesorado-primaria.png\" class=\"attachment-thumbnail size-thumbnail\" alt=\"Formaci\u00f3n Profesores primaria &#8211; Sesi\u00f3n I\" \/><\/a><\/div><div class=\"o-posts-grid-post-body\"><h3 class=\"o-posts-grid-post-title\"><a href=\"https:\/\/eclipse-inclusivo.ice.csic.es\/ca\/formacion-profesores-primaria-sesion-i\/\">Formaci\u00f3 Professors prim\u00e0ria - Sessi\u00f3 I<\/a><\/h3><div class=\"o-posts-grid-post-description\"><p>15 de novembre 2025<\/p><\/div><\/div><\/div><\/div><div class=\"o-posts-grid-post-blog o-posts-grid-post-plain\"><div class=\"o-posts-grid-post\"><div class=\"o-posts-grid-post-image\"><a href=\"https:\/\/eclipse-inclusivo.ice.csic.es\/ca\/observaciones-solares-la-pau\/\"><img loading=\"lazy\" decoding=\"async\" width=\"106\" height=\"150\" src=\"https:\/\/eclipse-inclusivo.ice.csic.es\/wp-content\/uploads\/2020\/03\/Poster-observaciones-solares-10-octubre.jpg\" class=\"attachment-thumbnail size-thumbnail\" alt=\"Observaciones solares La Pau\" \/><\/a><\/div><div class=\"o-posts-grid-post-body\"><h3 class=\"o-posts-grid-post-title\"><a href=\"https:\/\/eclipse-inclusivo.ice.csic.es\/ca\/observaciones-solares-la-pau\/\">Observacions solars la pau<\/a><\/h3><div class=\"o-posts-grid-post-description\"><p>10 d'octubre 2025<\/p><\/div><\/div><\/div><\/div><div class=\"o-posts-grid-post-blog o-posts-grid-post-plain\"><div class=\"o-posts-grid-post\"><div class=\"o-posts-grid-post-image\"><a href=\"https:\/\/eclipse-inclusivo.ice.csic.es\/ca\/taller-sol-y-eclipses-ins-can-peixauet\/\"><img loading=\"lazy\" decoding=\"async\" width=\"150\" height=\"84\" src=\"https:\/\/eclipse-inclusivo.ice.csic.es\/wp-content\/uploads\/2025\/10\/eclipse-solar.png\" class=\"attachment-thumbnail size-thumbnail\" alt=\"Taller Sol y eclipses &#8211; INS Can Peixauet\" \/><\/a><\/div><div class=\"o-posts-grid-post-body\"><h3 class=\"o-posts-grid-post-title\"><a href=\"https:\/\/eclipse-inclusivo.ice.csic.es\/ca\/taller-sol-y-eclipses-ins-can-peixauet\/\">Taller Sol i eclipsis \u2013 INS Can Peixauet<\/a><\/h3><div class=\"o-posts-grid-post-description\"><p>10 d'octubre 2025<\/p><\/div><\/div><\/div><\/div><div class=\"o-posts-grid-post-blog o-posts-grid-post-plain\"><div class=\"o-posts-grid-post\"><div class=\"o-posts-grid-post-image\"><a href=\"https:\/\/eclipse-inclusivo.ice.csic.es\/ca\/taller-escuela-adultos-centro-penitenciario-mas-denric\/\"><img loading=\"lazy\" decoding=\"async\" width=\"150\" height=\"84\" src=\"https:\/\/eclipse-inclusivo.ice.csic.es\/wp-content\/uploads\/2025\/10\/ECLIPSE-SOL.png\" class=\"attachment-thumbnail size-thumbnail\" alt=\"Taller escuela adultos centro penitenciario Mas d&#8217;Enric\" \/><\/a><\/div><div class=\"o-posts-grid-post-body\"><h3 class=\"o-posts-grid-post-title\"><a href=\"https:\/\/eclipse-inclusivo.ice.csic.es\/ca\/taller-escuela-adultos-centro-penitenciario-mas-denric\/\">Taller escola adults centre penitenciari Mas d\u2019Enric<\/a><\/h3><div class=\"o-posts-grid-post-description\"><p>29 d'octubre 2025<\/p><\/div><\/div><\/div><\/div><\/div> <\/div>\n\n\n<div style=\"height:100px\" aria-hidden=\"true\" class=\"wp-block-spacer\"><\/div>\n\n\n\n<p><\/p>","protected":false},"excerpt":{"rendered":"<p>Eventos Eventos Pasados<\/p>","protected":false},"author":1,"featured_media":0,"parent":0,"menu_order":0,"comment_status":"closed","ping_status":"closed","template":"","meta":{"_acf_changed":false,"neve_meta_sidebar":"","neve_meta_container":"","neve_meta_enable_content_width":"","neve_meta_content_width":0,"neve_meta_title_alignment":"","neve_meta_author_avatar":"","neve_post_elements_order":"","neve_meta_disable_header":"off","neve_meta_disable_footer":"","neve_meta_disable_title":"on","_themeisle_gutenberg_block_has_review":false,"footnotes":""},"class_list":["post-899","page","type-page","status-publish","hentry"],"acf":[],"jetpack_sharing_enabled":true,"_links":{"self":[{"href":"https:\/\/eclipse-inclusivo.ice.csic.es\/ca\/wp-json\/wp\/v2\/pages\/899","targetHints":{"allow":["GET"]}}],"collection":[{"href":"https:\/\/eclipse-inclusivo.ice.csic.es\/ca\/wp-json\/wp\/v2\/pages"}],"about":[{"href":"https:\/\/eclipse-inclusivo.ice.csic.es\/ca\/wp-json\/wp\/v2\/types\/page"}],"author":[{"embeddable":true,"href":"https:\/\/eclipse-inclusivo.ice.csic.es\/ca\/wp-json\/wp\/v2\/users\/1"}],"replies":[{"embeddable":true,"href":"https:\/\/eclipse-inclusivo.ice.csic.es\/ca\/wp-json\/wp\/v2\/comments?post=899"}],"version-history":[{"count":47,"href":"https:\/\/eclipse-inclusivo.ice.csic.es\/ca\/wp-json\/wp\/v2\/pages\/899\/revisions"}],"predecessor-version":[{"id":1736,"href":"https:\/\/eclipse-inclusivo.ice.csic.es\/ca\/wp-json\/wp\/v2\/pages\/899\/revisions\/1736"}],"wp:attachment":[{"href":"https:\/\/eclipse-inclusivo.ice.csic.es\/ca\/wp-json\/wp\/v2\/media?parent=899"}],"curies":[{"name":"wp","href":"https:\/\/api.w.org\/{rel}","templated":true}]}}